{"id":948,"date":"2022-10-22T13:14:27","date_gmt":"2022-10-22T11:14:27","guid":{"rendered":"http:\/\/wordpress.p627535.webspaceconfig.de\/?page_id=948"},"modified":"2026-04-15T15:48:54","modified_gmt":"2026-04-15T13:48:54","slug":"industrie","status":"publish","type":"page","link":"https:\/\/molibso.com\/de\/industrie\/","title":{"rendered":"Industrie"},"content":{"rendered":"<p>[et_pb_section fb_built=&#8221;1&#8243; admin_label=&#8221;\u00dcberschrift H1&#8243; _builder_version=&#8221;4.22.1&#8243; _module_preset=&#8221;default&#8221; custom_margin=&#8221;0px|0px|0px|0px|false|false&#8221; custom_padding=&#8221;0px|0px|0px|0px|false|false&#8221; collapsed=&#8221;on&#8221; global_colors_info=&#8221;{}&#8221;][et_pb_row _builder_version=&#8221;4.27.4&#8243; _module_preset=&#8221;default&#8221; background_color=&#8221;#00425a&#8221; width=&#8221;100%&#8221; max_width=&#8221;100%&#8221; module_alignment=&#8221;center&#8221; custom_margin=&#8221;||||false|false&#8221; custom_padding=&#8221;10px|5px|5px|5px|false|false&#8221; hover_enabled=&#8221;0&#8243; global_colors_info=&#8221;{}&#8221; sticky_enabled=&#8221;0&#8243;][et_pb_column type=&#8221;4_4&#8243; _builder_version=&#8221;4.19.4&#8243; _module_preset=&#8221;default&#8221; global_colors_info=&#8221;{}&#8221;][et_pb_text _builder_version=&#8221;4.22.1&#8243; _module_preset=&#8221;default&#8221; text_font=&#8221;|||on|||||&#8221; text_text_color=&#8221;#FFFFFF&#8221; header_text_align=&#8221;center&#8221; header_text_color=&#8221;#FFFFFF&#8221; header_font_size=&#8221;20px&#8221; header_line_height=&#8221;1.3em&#8221; custom_margin=&#8221;|10px||10px|false|false&#8221; header_font_size_tablet=&#8221;&#8221; header_font_size_phone=&#8221;12px&#8221; header_font_size_last_edited=&#8221;on|phone&#8221; global_colors_info=&#8221;{}&#8221;]<\/p>\n<h1><span class=\"dipl_pre_text\">MOLIBSO DYNEOS RUN<\/span><span class=\"dipl_main_text\">\u00a0TECHNOLOGIE TREIBT FORSCHUNG &amp; INDUSTRIE VORAN<\/span><\/h1>\n<p>[\/et_pb_text][\/et_pb_column][\/et_pb_row][\/et_pb_section][et_pb_section fb_built=&#8221;1&#8243; custom_padding_last_edited=&#8221;on|phone&#8221; admin_label=&#8221;section&#8221; _builder_version=&#8221;4.19.0&#8243; background_enable_color=&#8221;off&#8221; background_image=&#8221;https:\/\/molibso.com\/molibsosite\/wp-content\/uploads\/2022\/11\/Nordiska-Gesundheitstag-Wesel-211.png&#8221; background_enable_video_mp4=&#8221;off&#8221; custom_padding=&#8221;149px||206px|||&#8221; custom_padding_tablet=&#8221;149px||206px|||&#8221; custom_padding_phone=&#8221;149px||100px||false|false&#8221; bottom_divider_color=&#8221;#FFFFFF&#8221; global_colors_info=&#8221;{}&#8221;][et_pb_row admin_label=&#8221;row&#8221; _builder_version=&#8221;4.18.1&#8243; background_size=&#8221;initial&#8221; background_position=&#8221;top_left&#8221; background_repeat=&#8221;repeat&#8221; custom_margin=&#8221;|auto|1px|auto||&#8221; custom_padding=&#8221;17px||16px|||&#8221; global_colors_info=&#8221;{}&#8221;][et_pb_column type=&#8221;4_4&#8243; _builder_version=&#8221;4.18.1&#8243; custom_padding=&#8221;|||&#8221; global_colors_info=&#8221;{}&#8221; custom_padding__hover=&#8221;|||&#8221;][et_pb_text admin_label=&#8221;Text&#8221; _builder_version=&#8221;4.23.1&#8243; text_font=&#8221;|700|||||||&#8221; text_text_color=&#8221;#FFFFFF&#8221; text_font_size=&#8221;40px&#8221; text_line_height=&#8221;1.3em&#8221; background_size=&#8221;initial&#8221; background_position=&#8221;top_left&#8221; background_repeat=&#8221;repeat&#8221; text_orientation=&#8221;center&#8221; custom_padding=&#8221;0px|||||&#8221; global_colors_info=&#8221;{}&#8221;]<\/p>\n<p><span style=\"background-color: #29c3ec;\">\u00a0 DYNEOS &#8211; Der Schl\u00fcssel zu pr\u00e4zisen L\u00f6sungen\u00a0 <\/span><\/p>\n<p>[\/et_pb_text][\/et_pb_column][\/et_pb_row][et_pb_row admin_label=&#8221;row&#8221; _builder_version=&#8221;4.18.0&#8243; background_size=&#8221;initial&#8221; background_position=&#8221;top_left&#8221; background_repeat=&#8221;repeat&#8221; custom_margin=&#8221;|auto|45px|auto||&#8221; custom_padding=&#8221;17px||16px|||&#8221; global_colors_info=&#8221;{}&#8221;][et_pb_column type=&#8221;4_4&#8243; _builder_version=&#8221;4.18.0&#8243; custom_padding=&#8221;|||&#8221; global_colors_info=&#8221;{}&#8221; custom_padding__hover=&#8221;|||&#8221;][et_pb_text admin_label=&#8221;Text&#8221; _builder_version=&#8221;4.23.1&#8243; text_font=&#8221;|700|||||||&#8221; text_text_color=&#8221;#FFFFFF&#8221; text_font_size=&#8221;40px&#8221; text_line_height=&#8221;1.4em&#8221; header_2_font_size=&#8221;31px&#8221; background_size=&#8221;initial&#8221; background_position=&#8221;top_left&#8221; background_repeat=&#8221;repeat&#8221; text_orientation=&#8221;center&#8221; custom_padding=&#8221;|||100px|false|false&#8221; custom_padding_tablet=&#8221;|||100px|false|false&#8221; custom_padding_phone=&#8221;|||0px|false|false&#8221; custom_padding_last_edited=&#8221;on|phone&#8221; text_font_size_tablet=&#8221;32px&#8221; text_line_height_tablet=&#8221;&#8221; text_line_height_phone=&#8221;&#8221; text_line_height_last_edited=&#8221;on|phone&#8221; global_colors_info=&#8221;{}&#8221;]<\/p>\n<p><span style=\"background-color: #29c3ec;\">\u00a0f\u00fcr anspruchsvolle Industriekunden, die Wert <\/span><\/p>\n<p><span style=\"background-color: #29c3ec;\">auf Exzellenz legen.<br \/><\/span><\/p>\n<p>[\/et_pb_text][\/et_pb_column][\/et_pb_row][\/et_pb_section][et_pb_section fb_built=&#8221;1&#8243; _builder_version=&#8221;4.21.0&#8243; _module_preset=&#8221;default&#8221; global_colors_info=&#8221;{}&#8221;][et_pb_row _builder_version=&#8221;4.21.0&#8243; _module_preset=&#8221;default&#8221; global_colors_info=&#8221;{}&#8221;][et_pb_column type=&#8221;4_4&#8243; _builder_version=&#8221;4.21.0&#8243; _module_preset=&#8221;default&#8221; global_colors_info=&#8221;{}&#8221;][et_pb_text _builder_version=&#8221;4.21.2&#8243; _module_preset=&#8221;default&#8221; global_colors_info=&#8221;{}&#8221;]<\/p>\n<p>Molibso &#8211; Ein Symbol f\u00fcr deutsche Ingenieurskunst und Pr\u00e4zision. Das in Deutschland konzipierte und produzierte System molibso dyneos RUN kombiniert feinste Sensortechnik mit einer \u00e4sthetischen Optik und intuitiv bedienbarer Software, die das Qualit\u00e4tssiegel &#8220;Made in Germany&#8221; verdient hat. Mit weltweit \u00fcber 80.000 Messungen j\u00e4hrlich und beeindruckenden 100.000, auf den Systemen gelaufenen Testmetern unterstreichen wir unsere f\u00fchrende Position in der Branche. In Kollaboration mit renommierten Herstellern und akademischen Einrichtungen setzen wir uns das Ziel, die Analyse von Bewegung auf ein neues Niveau zu heben.<\/p>\n<p>[\/et_pb_text][\/et_pb_column][\/et_pb_row][\/et_pb_section][et_pb_section fb_built=&#8221;1&#8243; _builder_version=&#8221;4.21.0&#8243; _module_preset=&#8221;default&#8221; global_colors_info=&#8221;{}&#8221;][et_pb_row _builder_version=&#8221;4.21.0&#8243; _module_preset=&#8221;default&#8221; global_colors_info=&#8221;{}&#8221;][et_pb_column type=&#8221;4_4&#8243; _builder_version=&#8221;4.21.0&#8243; _module_preset=&#8221;default&#8221; global_colors_info=&#8221;{}&#8221;][et_pb_text _builder_version=&#8221;4.21.0&#8243; _module_preset=&#8221;default&#8221; global_colors_info=&#8221;{}&#8221;]<\/p>\n<h2>Industriepartner<\/h2>\n<p>[\/et_pb_text][et_pb_text _builder_version=&#8221;4.21.0&#8243; _module_preset=&#8221;default&#8221; text_text_color=&#8221;#29C3EC&#8221; global_colors_info=&#8221;{}&#8221;]<\/p>\n<p><strong>nordiska<\/strong><\/p>\n<p>[\/et_pb_text][\/et_pb_column][\/et_pb_row][et_pb_row column_structure=&#8221;2_3,1_3&#8243; _builder_version=&#8221;4.21.0&#8243; _module_preset=&#8221;default&#8221; global_colors_info=&#8221;{}&#8221;][et_pb_column type=&#8221;2_3&#8243; _builder_version=&#8221;4.21.0&#8243; _module_preset=&#8221;default&#8221; global_colors_info=&#8221;{}&#8221;][et_pb_text _builder_version=&#8221;4.21.2&#8243; _module_preset=&#8221;default&#8221; global_colors_info=&#8221;{}&#8221;]<\/p>\n<p>Die Wahl des richtigen Schuhwerks hat weitreichende Auswirkungen auf unsere Gesundheit. Unpassende Schuhe k\u00f6nnen zu R\u00fcckenschmerzen, Gelenkbeschwerden und sogar zu Problemen wie H\u00fcft- oder Kopfschmerzen f\u00fchren.<\/p>\n<p>Unsere Zusammenarbeit mit nordiska hat zur Entwicklung eines innovativen Ger\u00e4ts gef\u00fchrt, das rasche und pr\u00e4zise Empfehlungen f\u00fcr das passende Schuhwerk oder erforderliche Einlagen bietet. Das Herzst\u00fcck dieses Systems ist eine Druckmessplatte, die detaillierte Lauf- und Standanalysen erm\u00f6glicht. Sie erfasst die exakte Druckverteilung des Fu\u00dfes und visualisiert, wie sich der Fu\u00df w\u00e4hrend der gesamten Bewegungsphase verh\u00e4lt. Dadurch k\u00f6nnen Fu\u00dfprobleme wie Spreiz- oder Senkf\u00fc\u00dfe identifiziert und entsprechende Empfehlungen f\u00fcr Schuhwerk oder individuelle Einlagen abgegeben werden.<\/p>\n<p>Der Prozess ist denkbar einfach: Sie gehen \u00fcber die Druckmessplatte, erhalten im Anschluss eine Beratung basierend auf Ihren Ergebnissen und bekommen diese sogar per E-Mail zugeschickt. All dies geschieht mit h\u00f6chster Pr\u00e4zision und Klarheit, sodass jeder Mitarbeiter optimal versorgt wird.<\/p>\n<p>[\/et_pb_text][et_pb_image src=&#8221;https:\/\/molibso.com\/molibsosite\/wp-content\/uploads\/2022\/10\/molibso-referenz-nordiska.png&#8221; title_text=&#8221;molibso referenz nordiska&#8221; align=&#8221;right&#8221; _builder_version=&#8221;4.19.0&#8243; _module_preset=&#8221;default&#8221; max_width=&#8221;25%&#8221; global_colors_info=&#8221;{}&#8221;][\/et_pb_image][\/et_pb_column][et_pb_column type=&#8221;1_3&#8243; _builder_version=&#8221;4.21.0&#8243; _module_preset=&#8221;default&#8221; global_colors_info=&#8221;{}&#8221;][et_pb_gallery gallery_ids=&#8221;1959&#8243; show_title_and_caption=&#8221;off&#8221; show_pagination=&#8221;off&#8221; _builder_version=&#8221;4.27.4&#8243; _module_preset=&#8221;default&#8221; global_colors_info=&#8221;{}&#8221;][\/et_pb_gallery][\/et_pb_column][\/et_pb_row][et_pb_row _builder_version=&#8221;4.21.0&#8243; _module_preset=&#8221;default&#8221; global_colors_info=&#8221;{}&#8221;][et_pb_column type=&#8221;4_4&#8243; _builder_version=&#8221;4.21.0&#8243; _module_preset=&#8221;default&#8221; global_colors_info=&#8221;{}&#8221;][et_pb_toggle title=&#8221;Vorteile&#8221; open_toggle_background_color=&#8221;#FFFFFF&#8221; closed_toggle_background_color=&#8221;#FFFFFF&#8221; icon_color=&#8221;#29C3EC&#8221; _builder_version=&#8221;4.21.0&#8243; _module_preset=&#8221;default&#8221; title_level=&#8221;h3&#8243; border_color_all=&#8221;rgba(112,107,108,0.45)&#8221; global_colors_info=&#8221;{}&#8221;]<\/p>\n<div class=\"elementor-element elementor-element-315770c elementor-widget elementor-widget-text-editor\" data-id=\"315770c\" data-element_type=\"widget\" data-widget_type=\"text-editor.default\" style=\"text-align: justify;\">\n<div class=\"elementor-widget-container\">\n<div class=\"elementor-text-editor elementor-clearfix\">\n<p>Vorteile<\/p>\n<\/div>\n<\/div>\n<\/div>\n<div class=\"elementor-element elementor-element-cd06d73 elementor-widget elementor-widget-text-editor\" data-id=\"cd06d73\" data-element_type=\"widget\" data-widget_type=\"text-editor.default\" style=\"text-align: justify;\">\n<div class=\"elementor-widget-container\">\n<div class=\"elementor-text-editor elementor-clearfix\">F\u00fcr Menschen im OP, die oft stundenlang auf den Beinen sind, k\u00f6nnen wir eine Standanalyse anbieten, f\u00fcr Menschen auf Station, die oft mehrere Kilometer am Tag zur\u00fccklegen, eine Laufanalyse. So findet jeder in seinem Bereich das passende Schuhmodell.<\/div>\n<div class=\"elementor-text-editor elementor-clearfix\"><\/div>\n<div class=\"elementor-text-editor elementor-clearfix\"><\/div>\n<\/div>\n<\/div>\n<div class=\"elementor-element elementor-element-3c3c5b6 elementor-align-left elementor-icon-list--layout-traditional elementor-list-item-link-full_width elementor-widget elementor-widget-icon-list\" data-id=\"3c3c5b6\" data-element_type=\"widget\" data-widget_type=\"icon-list.default\" style=\"text-align: justify;\">\n<div class=\"elementor-widget-container\">\n<ul class=\"elementor-icon-list-items\">\n<li class=\"elementor-icon-list-item\"><span class=\"elementor-icon-list-icon\"><i aria-hidden=\"true\" class=\"fas fa-plus-circle\"><\/i><\/span><span class=\"elementor-icon-list-text\">Lauf- und Standanalyse sowie Beratung vor Ort ist absolut kostenlos<\/span><\/li>\n<li class=\"elementor-icon-list-item\"><span class=\"elementor-icon-list-icon\"><i aria-hidden=\"true\" class=\"fas fa-plus-circle\"><\/i><\/span><span class=\"elementor-icon-list-text\">Vorabanmeldung \u00fcber ein Buchungssystem, damit Wartezeiten vermindert werden<\/span><\/li>\n<li class=\"elementor-icon-list-item\"><span class=\"elementor-icon-list-icon\"><i aria-hidden=\"true\" class=\"fas fa-plus-circle\"><\/i><\/span><span class=\"elementor-icon-list-text\">M\u00f6gliche Fu\u00dfkrankheiten, wie z.B. Senk- oder Spreizfu\u00df k\u00f6nnen damit erkannt werden<\/span><\/li>\n<li class=\"elementor-icon-list-item\"><span class=\"elementor-icon-list-icon\"><i aria-hidden=\"true\" class=\"fas fa-plus-circle\"><\/i><\/span><span class=\"elementor-icon-list-text\">Pr\u00e4zise und einfach verst\u00e4ndliche Fu\u00dfanalyse mit aussagekr\u00e4ftigen Daten, damit Sie den richtigen Schuh f\u00fcr sich finden<\/span><\/li>\n<\/ul>\n<\/div>\n<\/div>\n<p>[\/et_pb_toggle][\/et_pb_column][\/et_pb_row][\/et_pb_section]<\/p>\n","protected":false},"excerpt":{"rendered":"<p>MOLIBSO DYNEOS RUN\u00a0TECHNOLOGIE TREIBT FORSCHUNG &amp; INDUSTRIE VORAN\u00a0 DYNEOS &#8211; Der Schl\u00fcssel zu pr\u00e4zisen L\u00f6sungen\u00a0 \u00a0f\u00fcr anspruchsvolle Industriekunden, die Wert auf Exzellenz legen.Molibso &#8211; Ein Symbol f\u00fcr deutsche Ingenieurskunst und Pr\u00e4zision. Das in Deutschland konzipierte und produzierte System molibso dyneos RUN kombiniert feinste Sensortechnik mit einer \u00e4sthetischen Optik und intuitiv bedienbarer Software, die das Qualit\u00e4tssiegel [&hellip;]<\/p>\n","protected":false},"author":2,"featured_media":0,"parent":0,"menu_order":0,"comment_status":"closed","ping_status":"closed","template":"","meta":{"_acf_changed":false,"_et_pb_use_builder":"on","_et_pb_old_content":"<!-- wp:divi\/placeholder \/-->","_et_gb_content_width":"","footnotes":""},"class_list":["post-948","page","type-page","status-publish","hentry"],"acf":[],"_links":{"self":[{"href":"https:\/\/molibso.com\/de\/wp-json\/wp\/v2\/pages\/948","targetHints":{"allow":["GET"]}}],"collection":[{"href":"https:\/\/molibso.com\/de\/wp-json\/wp\/v2\/pages"}],"about":[{"href":"https:\/\/molibso.com\/de\/wp-json\/wp\/v2\/types\/page"}],"author":[{"embeddable":true,"href":"https:\/\/molibso.com\/de\/wp-json\/wp\/v2\/users\/2"}],"replies":[{"embeddable":true,"href":"https:\/\/molibso.com\/de\/wp-json\/wp\/v2\/comments?post=948"}],"version-history":[{"count":10,"href":"https:\/\/molibso.com\/de\/wp-json\/wp\/v2\/pages\/948\/revisions"}],"predecessor-version":[{"id":4726,"href":"https:\/\/molibso.com\/de\/wp-json\/wp\/v2\/pages\/948\/revisions\/4726"}],"wp:attachment":[{"href":"https:\/\/molibso.com\/de\/wp-json\/wp\/v2\/media?parent=948"}],"curies":[{"name":"wp","href":"https:\/\/api.w.org\/{rel}","templated":true}]}}