{"id":939,"date":"2022-10-22T12:28:18","date_gmt":"2022-10-22T10:28:18","guid":{"rendered":"http:\/\/wordpress.p627535.webspaceconfig.de\/?page_id=939"},"modified":"2023-09-05T14:49:37","modified_gmt":"2023-09-05T12:49:37","slug":"kunden-projekte","status":"publish","type":"page","link":"https:\/\/molibso.com\/de\/kunden-projekte\/","title":{"rendered":"Kunden &#038; Projekte"},"content":{"rendered":"<p>[et_pb_section fb_built=&#8221;1&#8243; admin_label=&#8221;\u00dcberschrift H1&#8243; _builder_version=&#8221;4.22.1&#8243; _module_preset=&#8221;default&#8221; custom_margin=&#8221;0px|0px|0px|0px|false|false&#8221; custom_padding=&#8221;0px|0px|0px|0px|false|false&#8221; collapsed=&#8221;on&#8221; global_colors_info=&#8221;{}&#8221; theme_builder_area=&#8221;post_content&#8221;][et_pb_row _builder_version=&#8221;4.22.1&#8243; _module_preset=&#8221;default&#8221; background_color=&#8221;#4F4B51&#8243; width=&#8221;100%&#8221; max_width=&#8221;100%&#8221; module_alignment=&#8221;center&#8221; custom_margin=&#8221;||||false|false&#8221; custom_padding=&#8221;10px|5px|5px|5px|false|false&#8221; global_colors_info=&#8221;{}&#8221; theme_builder_area=&#8221;post_content&#8221;][et_pb_column type=&#8221;4_4&#8243; _builder_version=&#8221;4.19.4&#8243; _module_preset=&#8221;default&#8221; global_colors_info=&#8221;{}&#8221; theme_builder_area=&#8221;post_content&#8221;][et_pb_text _builder_version=&#8221;4.22.1&#8243; _module_preset=&#8221;default&#8221; text_font=&#8221;|||on|||||&#8221; text_text_color=&#8221;#FFFFFF&#8221; header_text_align=&#8221;center&#8221; header_text_color=&#8221;#FFFFFF&#8221; header_font_size=&#8221;20px&#8221; header_line_height=&#8221;1.3em&#8221; custom_margin=&#8221;|10px||10px|false|false&#8221; hover_enabled=&#8221;0&#8243; header_font_size_tablet=&#8221;&#8221; header_font_size_phone=&#8221;12px&#8221; header_font_size_last_edited=&#8221;on|phone&#8221; global_colors_info=&#8221;{}&#8221; theme_builder_area=&#8221;post_content&#8221; sticky_enabled=&#8221;0&#8243;]<\/p>\n<h1><span class=\"dipl_pre_text\">ERFOLGREICHE KOOPERATIONEN &#8211;<\/span><span class=\"dipl_main_text\">\u00a0UNSERE KUNDENPROJEKTE<\/span><\/h1>\n<p>[\/et_pb_text][\/et_pb_column][\/et_pb_row][\/et_pb_section][et_pb_section fb_built=&#8221;1&#8243; custom_padding_last_edited=&#8221;on|phone&#8221; admin_label=&#8221;Kopfzeile&#8221; _builder_version=&#8221;4.19.4&#8243; background_color=&#8221;#000000&#8243; use_background_color_gradient=&#8221;on&#8221; background_color_gradient_type=&#8221;circular&#8221; background_color_gradient_direction_radial=&#8221;left&#8221; background_color_gradient_stops=&#8221;#4f4b51 35%|rgba(255,255,255,0) 37%&#8221; background_color_gradient_overlays_image=&#8221;on&#8221; background_image=&#8221;https:\/\/molibso.com\/molibsosite\/wp-content\/uploads\/2022\/10\/molibso-gut-beraten-bunert-Du\u0308sseldorf.jpg&#8221; background_enable_video_mp4=&#8221;off&#8221; custom_padding=&#8221;111px||134px||false|false&#8221; custom_padding_tablet=&#8221;111px||134px||false|false&#8221; custom_padding_phone=&#8221;100px||100px||false|false&#8221; bottom_divider_color=&#8221;#FFFFFF&#8221; background_last_edited=&#8221;on|phone&#8221; background_enable_color_phone=&#8221;off&#8221; use_background_color_gradient_phone=&#8221;off&#8221; collapsed=&#8221;off&#8221; global_colors_info=&#8221;{}&#8221;][et_pb_row column_structure=&#8221;1_2,1_2&#8243; disabled_on=&#8221;off|off|off&#8221; admin_label=&#8221;Inhalt&#8221; _builder_version=&#8221;4.19.4&#8243; background_size=&#8221;initial&#8221; background_position=&#8221;top_left&#8221; background_repeat=&#8221;repeat&#8221; width=&#8221;100%&#8221; max_width=&#8221;100%&#8221; custom_margin=&#8221;|auto||auto|false|false&#8221; custom_padding=&#8221;50px||50px||false|false&#8221; global_colors_info=&#8221;{}&#8221;][et_pb_column type=&#8221;1_2&#8243; _builder_version=&#8221;4.18.0&#8243; custom_padding=&#8221;|||&#8221; global_colors_info=&#8221;{}&#8221; custom_padding__hover=&#8221;|||&#8221;][et_pb_text _builder_version=&#8221;4.22.1&#8243; _module_preset=&#8221;default&#8221; text_font=&#8221;|600||on|||||&#8221; text_text_color=&#8221;#FFFFFF&#8221; header_font_size=&#8221;36px&#8221; width=&#8221;65%&#8221; max_width=&#8221;65%&#8221; custom_margin=&#8221;|2%||2%|false|false&#8221; text_font_size_tablet=&#8221;35px&#8221; global_colors_info=&#8221;{}&#8221;]<\/p>\n<p style=\"text-align: center;\">ENTDECKEN SIE, WIE MOLIBSO DYNEOS RUN DRUCKMESSPLATTEN IN DER PRAXIS BEI UNSEREN KUNDENPROJEKTEN EINGESETZT WERDEN.<\/p>\n<p>[\/et_pb_text][\/et_pb_column][et_pb_column type=&#8221;1_2&#8243; _builder_version=&#8221;4.18.0&#8243; custom_padding=&#8221;|||&#8221; global_colors_info=&#8221;{}&#8221; custom_padding__hover=&#8221;|||&#8221;][\/et_pb_column][\/et_pb_row][\/et_pb_section][et_pb_section fb_built=&#8221;1&#8243; admin_label=&#8221;section&#8221; _builder_version=&#8221;4.18.0&#8243; background_color=&#8221;#FFFFFF&#8221; custom_padding=&#8221;||29px|||&#8221; global_colors_info=&#8221;{}&#8221;][et_pb_row _builder_version=&#8221;4.21.0&#8243; _module_preset=&#8221;default&#8221; max_width=&#8221;100%&#8221; custom_padding=&#8221;||11px|||&#8221; global_colors_info=&#8221;{}&#8221;][et_pb_column type=&#8221;4_4&#8243; _builder_version=&#8221;4.18.0&#8243; _module_preset=&#8221;default&#8221; global_colors_info=&#8221;{}&#8221;][et_pb_text _builder_version=&#8221;4.22.1&#8243; _module_preset=&#8221;default&#8221; custom_margin=&#8221;||11px|||&#8221; global_colors_info=&#8221;{}&#8221;]<\/p>\n<p>Bei molibso sind wir stolz darauf, Innovationsf\u00fchrer in der Ganganalyse-Technologie zu sein. Unsere Kundenprojekte spiegeln die Vielfalt und Effizienz unserer Produkte wider. Von der Optimierung sportlicher Leistungen bis hin zur Unterst\u00fctzung des Einzelhandels &#8211; unsere Druckmessplatten bieten branchenf\u00fchrende L\u00f6sungen.<\/p>\n<p>&nbsp;<\/p>\n<ul>\n<li>Sport &amp; Performance: Die Ganganalyse dyneos RUN von molibso hat Athleten dabei unterst\u00fctzt, ihre Biomechanik zu verstehen und ihre Leistung zu maximieren.\n<\/li>\n<li>Gesundheitswesen &amp; Orthop\u00e4die: Durch pr\u00e4zise Druckmessungen mit dyneos RUN helfen wir Fachleuten, orthop\u00e4dische Probleme zu identifizieren und individuelle Versorgungen zu entwickeln.\n<\/li>\n<li>Einzelhandel &amp; Vertrieb: Unsere Technologie ver\u00e4ndert das Kundenerlebnis im Einzelhandel, indem sie genaue Ganganalysen f\u00fcr personalisierte Empfehlungen bietet.\n<\/li>\n<li>Forschung &amp; Entwicklung: Gemeinsam mit renommierten Forschungseinrichtungen arbeiten wir bei molibso daran, neue und innovative Erkenntnisse in der Biomechanik zu gewinnen.<\/li>\n<\/ul>\n<p>[\/et_pb_text][et_pb_de_mach_carousel post_type_choose=&#8221;referenzen&#8221; loop_layout=&#8221;1678&#8243; posts_number=&#8221;20&#8243; sort_order=&#8221;name&#8221; posts_number_desktop=&#8221;7&#8243; center_mode=&#8221;on&#8221; center_mode_padding=&#8221;25px&#8221; autoplay_speed=&#8221;1500&#8243; infinate=&#8221;on&#8221; equal_height=&#8221;on&#8221; _builder_version=&#8221;4.18.1&#8243; _module_preset=&#8221;default&#8221; global_colors_info=&#8221;{}&#8221;][\/et_pb_de_mach_carousel][\/et_pb_column][\/et_pb_row][\/et_pb_section][et_pb_section fb_built=&#8221;1&#8243; custom_padding_last_edited=&#8221;on|phone&#8221; admin_label=&#8221;News &#038; Blog&#8221; _builder_version=&#8221;4.18.1&#8243; _module_preset=&#8221;default&#8221; background_enable_color=&#8221;off&#8221; custom_margin_tablet=&#8221;&#8221; custom_margin_phone=&#8221;|15px||15px|false|false&#8221; custom_margin_last_edited=&#8221;on|phone&#8221; custom_padding=&#8221;12px||10px|||&#8221; custom_padding_tablet=&#8221;12px||10px|||&#8221; custom_padding_phone=&#8221;12px||10px|0px|false|false&#8221; global_module=&#8221;1317&#8243; saved_tabs=&#8221;all&#8221; global_colors_info=&#8221;{}&#8221;][et_pb_row make_equal=&#8221;on&#8221; _builder_version=&#8221;4.21.0&#8243; _module_preset=&#8221;default&#8221; max_width=&#8221;100%&#8221; custom_margin=&#8221;-3px|auto||auto||&#8221; custom_padding=&#8221;10px|||||&#8221; global_colors_info=&#8221;{}&#8221;][et_pb_column type=&#8221;4_4&#8243; _builder_version=&#8221;4.18.0&#8243; _module_preset=&#8221;default&#8221; global_colors_info=&#8221;{}&#8221;][et_pb_text _builder_version=&#8221;4.21.0&#8243; _module_preset=&#8221;default&#8221; text_font=&#8221;|600|||||||&#8221; text_text_color=&#8221;#4F4B51&#8243; text_font_size=&#8221;40px&#8221; header_text_color=&#8221;#29C3EC&#8221; custom_margin=&#8221;||1px|||&#8221; custom_padding=&#8221;||0px|||&#8221; global_colors_info=&#8221;{}&#8221;]<\/p>\n<h2>molibso Trends &amp; News<\/h2>\n<p>[\/et_pb_text][et_pb_blog fullwidth=&#8221;off&#8221; include_categories=&#8221;20&#8243; show_author=&#8221;off&#8221; show_date=&#8221;off&#8221; show_categories=&#8221;off&#8221; masonry_tile_background_color=&#8221;#4F4B51&#8243; admin_label=&#8221;Blog Modul&#8221; module_class=&#8221;et_blog_grid_equal_height&#8221; _builder_version=&#8221;4.22.1&#8243; _module_preset=&#8221;default&#8221; header_level=&#8221;h3&#8243; header_text_color=&#8221;#FFFFFF&#8221; header_font_size=&#8221;20px&#8221; header_line_height=&#8221;1.4em&#8221; body_text_color=&#8221;#FFFFFF&#8221; meta_text_color=&#8221;#29C3EC&#8221; custom_margin=&#8221;24px|||||&#8221; header_font_size_tablet=&#8221;&#8221; header_font_size_phone=&#8221;18px&#8221; header_font_size_last_edited=&#8221;on|phone&#8221; body_font_size_tablet=&#8221;&#8221; body_font_size_phone=&#8221;16px&#8221; body_font_size_last_edited=&#8221;on|phone&#8221; box_shadow_style=&#8221;preset2&#8243; global_colors_info=&#8221;{}&#8221;][\/et_pb_blog][\/et_pb_column][\/et_pb_row][\/et_pb_section]<\/p>\n","protected":false},"excerpt":{"rendered":"<p>ERFOLGREICHE KOOPERATIONEN &#8211;\u00a0UNSERE KUNDENPROJEKTEENTDECKEN SIE, WIE MOLIBSO DYNEOS RUN DRUCKMESSPLATTEN IN DER PRAXIS BEI UNSEREN KUNDENPROJEKTEN EINGESETZT WERDEN.Bei molibso sind wir stolz darauf, Innovationsf\u00fchrer in der Ganganalyse-Technologie zu sein. Unsere Kundenprojekte spiegeln die Vielfalt und Effizienz unserer Produkte wider. Von der Optimierung sportlicher Leistungen bis hin zur Unterst\u00fctzung des Einzelhandels &#8211; unsere Druckmessplatten bieten branchenf\u00fchrende [&hellip;]<\/p>\n","protected":false},"author":2,"featured_media":0,"parent":0,"menu_order":0,"comment_status":"closed","ping_status":"closed","template":"","meta":{"_acf_changed":false,"_et_pb_use_builder":"on","_et_pb_old_content":"<p>\u00a0<\/p>\r\n<!-- wp:divi\/placeholder \/-->","_et_gb_content_width":"","footnotes":""},"class_list":["post-939","page","type-page","status-publish","hentry"],"acf":[],"_links":{"self":[{"href":"https:\/\/molibso.com\/de\/wp-json\/wp\/v2\/pages\/939","targetHints":{"allow":["GET"]}}],"collection":[{"href":"https:\/\/molibso.com\/de\/wp-json\/wp\/v2\/pages"}],"about":[{"href":"https:\/\/molibso.com\/de\/wp-json\/wp\/v2\/types\/page"}],"author":[{"embeddable":true,"href":"https:\/\/molibso.com\/de\/wp-json\/wp\/v2\/users\/2"}],"replies":[{"embeddable":true,"href":"https:\/\/molibso.com\/de\/wp-json\/wp\/v2\/comments?post=939"}],"version-history":[{"count":10,"href":"https:\/\/molibso.com\/de\/wp-json\/wp\/v2\/pages\/939\/revisions"}],"predecessor-version":[{"id":3309,"href":"https:\/\/molibso.com\/de\/wp-json\/wp\/v2\/pages\/939\/revisions\/3309"}],"wp:attachment":[{"href":"https:\/\/molibso.com\/de\/wp-json\/wp\/v2\/media?parent=939"}],"curies":[{"name":"wp","href":"https:\/\/api.w.org\/{rel}","templated":true}]}}