{"id":729,"date":"2022-10-21T07:01:35","date_gmt":"2022-10-21T05:01:35","guid":{"rendered":"http:\/\/wordpress.p627535.webspaceconfig.de\/?page_id=729"},"modified":"2024-01-08T09:27:56","modified_gmt":"2024-01-08T08:27:56","slug":"jobs","status":"publish","type":"page","link":"https:\/\/molibso.com\/de\/jobs\/","title":{"rendered":"Jobs"},"content":{"rendered":"<p>[et_pb_section fb_built=&#8221;1&#8243; admin_label=&#8221;\u00dcberschrift H1&#8243; _builder_version=&#8221;4.22.1&#8243; _module_preset=&#8221;default&#8221; custom_margin=&#8221;0px|0px|0px|0px|false|false&#8221; custom_padding=&#8221;0px|0px|0px|0px|false|false&#8221; collapsed=&#8221;on&#8221; global_colors_info=&#8221;{}&#8221;][et_pb_row _builder_version=&#8221;4.22.1&#8243; _module_preset=&#8221;default&#8221; background_color=&#8221;#4F4B51&#8243; width=&#8221;100%&#8221; max_width=&#8221;100%&#8221; module_alignment=&#8221;center&#8221; custom_margin=&#8221;||||false|false&#8221; custom_padding=&#8221;10px|5px|5px|5px|false|false&#8221; global_colors_info=&#8221;{}&#8221;][et_pb_column type=&#8221;4_4&#8243; _builder_version=&#8221;4.19.4&#8243; _module_preset=&#8221;default&#8221; global_colors_info=&#8221;{}&#8221;][et_pb_text _builder_version=&#8221;4.22.1&#8243; _module_preset=&#8221;default&#8221; text_font=&#8221;|||on|||||&#8221; text_text_color=&#8221;#FFFFFF&#8221; header_text_align=&#8221;center&#8221; header_text_color=&#8221;#FFFFFF&#8221; header_font_size=&#8221;20px&#8221; header_line_height=&#8221;1.3em&#8221; custom_margin=&#8221;|10px||10px|false|false&#8221; header_font_size_tablet=&#8221;&#8221; header_font_size_phone=&#8221;12px&#8221; header_font_size_last_edited=&#8221;on|phone&#8221; global_colors_info=&#8221;{}&#8221;]<\/p>\n<h1><span class=\"dipl_pre_text\">MOLIBSO<\/span><span class=\"dipl_main_text\">\u00a0JOBS &amp; AUSBILDUNG<\/span><\/h1>\n<p>[\/et_pb_text][\/et_pb_column][\/et_pb_row][\/et_pb_section][et_pb_section fb_built=&#8221;1&#8243; custom_padding_last_edited=&#8221;on|phone&#8221; admin_label=&#8221;Kopfzeile&#8221; _builder_version=&#8221;4.19.4&#8243; background_color=&#8221;#000000&#8243; use_background_color_gradient=&#8221;on&#8221; background_color_gradient_type=&#8221;circular&#8221; background_color_gradient_direction_radial=&#8221;left&#8221; background_color_gradient_stops=&#8221;#4f4b51 35%|rgba(255,255,255,0) 37%&#8221; background_color_gradient_overlays_image=&#8221;on&#8221; background_image=&#8221;https:\/\/molibso.com\/molibsosite\/wp-content\/uploads\/2022\/10\/bunert-Wuppertal-grau-Kopie-scaled.jpg&#8221; background_enable_video_mp4=&#8221;off&#8221; custom_padding=&#8221;111px||134px||false|false&#8221; custom_padding_tablet=&#8221;111px||134px||false|false&#8221; custom_padding_phone=&#8221;100px||100px||false|false&#8221; bottom_divider_color=&#8221;#FFFFFF&#8221; background_last_edited=&#8221;on|phone&#8221; background_enable_color_phone=&#8221;off&#8221; use_background_color_gradient_phone=&#8221;off&#8221; collapsed=&#8221;off&#8221; global_colors_info=&#8221;{}&#8221;][et_pb_row column_structure=&#8221;1_2,1_2&#8243; disabled_on=&#8221;on|off|off&#8221; admin_label=&#8221;Inhalt&#8221; _builder_version=&#8221;4.19.4&#8243; background_size=&#8221;initial&#8221; background_position=&#8221;top_left&#8221; background_repeat=&#8221;repeat&#8221; width=&#8221;100%&#8221; max_width=&#8221;100%&#8221; custom_margin=&#8221;|auto||auto|false|false&#8221; custom_padding=&#8221;50px||50px||false|false&#8221; global_colors_info=&#8221;{}&#8221;][et_pb_column type=&#8221;1_2&#8243; _builder_version=&#8221;4.18.0&#8243; custom_padding=&#8221;|||&#8221; global_colors_info=&#8221;{}&#8221; custom_padding__hover=&#8221;|||&#8221;][et_pb_text _builder_version=&#8221;4.22.1&#8243; _module_preset=&#8221;default&#8221; text_font=&#8221;|||on|||||&#8221; text_text_color=&#8221;#FFFFFF&#8221; text_font_size=&#8221;40px&#8221; header_font_size=&#8221;36px&#8221; width=&#8221;65%&#8221; max_width=&#8221;65%&#8221; custom_margin=&#8221;|2%||2%|false|false&#8221; text_font_size_tablet=&#8221;35px&#8221; global_colors_info=&#8221;{}&#8221;]<\/p>\n<p style=\"text-align: center;\">Jobs<\/p>\n<p>[\/et_pb_text][\/et_pb_column][et_pb_column type=&#8221;1_2&#8243; _builder_version=&#8221;4.18.0&#8243; custom_padding=&#8221;|||&#8221; global_colors_info=&#8221;{}&#8221; custom_padding__hover=&#8221;|||&#8221;][\/et_pb_column][\/et_pb_row][\/et_pb_section][et_pb_section fb_built=&#8221;1&#8243; custom_padding_last_edited=&#8221;on|phone&#8221; _builder_version=&#8221;4.18.1&#8243; _module_preset=&#8221;default&#8221; background_color_gradient_direction=&#8221;90deg&#8221; custom_padding=&#8221;||212px||false|false&#8221; custom_padding_tablet=&#8221;||212px||false|false&#8221; custom_padding_phone=&#8221;||75px||false|false&#8221; locked=&#8221;off&#8221; global_colors_info=&#8221;{}&#8221;][et_pb_row column_structure=&#8221;1_2,1_2&#8243; use_custom_gutter=&#8221;on&#8221; _builder_version=&#8221;4.21.0&#8243; _module_preset=&#8221;default&#8221; max_width=&#8221;100%&#8221; custom_padding=&#8221;10px|10px|10px|10px|false|false&#8221; global_colors_info=&#8221;{}&#8221;][et_pb_column type=&#8221;1_2&#8243; _builder_version=&#8221;4.21.0&#8243; _module_preset=&#8221;default&#8221; global_colors_info=&#8221;{}&#8221;][et_pb_text _builder_version=&#8221;4.21.2&#8243; _module_preset=&#8221;default&#8221; text_font=&#8221;|600|||||||&#8221; text_text_color=&#8221;#7D7E81&#8243; text_font_size=&#8221;32px&#8221; text_line_height=&#8221;1.4em&#8221; text_text_color_tablet=&#8221;#7D7E81&#8243; text_text_color_phone=&#8221;#7D7E81&#8243; text_text_color_last_edited=&#8221;on|phone&#8221; global_colors_info=&#8221;{}&#8221;]<\/p>\n<p>Werde Teil des <strong><span style=\"color: #29c3ec;\">molibso <\/span><\/strong>Teams!<\/p>\n<p>[\/et_pb_text][et_pb_text _builder_version=&#8221;4.23.1&#8243; _module_preset=&#8221;default&#8221; text_font=&#8221;|500|||||||&#8221; text_text_color=&#8221;#4F4B51&#8243; width=&#8221;90%&#8221; module_alignment=&#8221;left&#8221; hover_enabled=&#8221;0&#8243; global_colors_info=&#8221;{}&#8221; sticky_enabled=&#8221;0&#8243;]<\/p>\n<p>Bist du bereit, die n\u00e4chste Etappe deiner beruflichen Reise in einem dynamischen Umfeld zu beginnen, das die Schnittstelle von Sport, Medizintechnik und Technologie verbindet? Bei molibso glauben wir an die Kraft der Bewegung und daran, Menschen optimal dabei zu unterst\u00fctzen.<\/p>\n<p>Wir sind st\u00e4ndig auf der Suche nach engagierten Talenten, die uns dabei unterst\u00fctzen, unsere Vision Wirklichkeit werden zu lassen. Ob du nun im Vertrieb nationale und internationale Beziehungen aufbaust, innovative Softwarel\u00f6sungen entwickelst oder als Werkstudent den ersten Schritt in die Branche machst \u2013 wir haben den passenden Platz f\u00fcr dich.<\/p>\n<p><strong>Aktuelle Stellenangebote:<\/strong><\/p>\n<p>Au\u00dfendienstmitarbeiter\u00a0 \/ Vertriebsrepr\u00e4sentant (m\/ w\/ d)<\/p>\n<p><strong>Initiativbewerbung:<\/strong><\/p>\n<p>Hast du nicht die passende Position gefunden, aber brennst daf\u00fcr, ein Teil unseres Teams zu werden? Wir sind immer gespannt auf talentierte Menschen, die uns mit ihrer Pers\u00f6nlichkeit und F\u00e4higkeiten bereichern. Schick uns deine Initiativbewerbung!<\/p>\n<p><strong>F\u00fcr Studierende:<\/strong><\/p>\n<p>Neugierig, wie es hinter den Kulissen von molibso aussieht? Bewirb dich als Werkstudent*in oder f\u00fcr die Durchf\u00fchrung einer Bachelor- \/ Masterarbeit und tauche in unsere spannende Welt ein!<\/p>\n<p><strong>Mach den n\u00e4chsten Schritt!<\/strong><\/p>\n<p>Wenn du Menschen besser bewegen willst und glaubst, dass du das Zeug dazu hast, bei molibso den Unterschied zu machen, dann bewirb dich jetzt und werde Teil unserer Bewegung!<\/p>\n<p>[\/et_pb_text][et_pb_button button_url=&#8221;mailto:mail@molibso.com&#8221; button_text=&#8221;jetzt bewerben mail@molibso.com&#8221; button_alignment=&#8221;center&#8221; _builder_version=&#8221;4.19.2&#8243; _module_preset=&#8221;default&#8221; custom_button=&#8221;on&#8221; button_text_color=&#8221;#FFFFFF&#8221; button_bg_color=&#8221;#4F4B51&#8243; box_shadow_style=&#8221;preset1&#8243; global_colors_info=&#8221;{}&#8221;][\/et_pb_button][\/et_pb_column][et_pb_column type=&#8221;1_2&#8243; _builder_version=&#8221;4.21.0&#8243; _module_preset=&#8221;default&#8221; custom_css_main_element=&#8221;align-self: center&#8221; global_colors_info=&#8221;{}&#8221;][et_pb_image src=&#8221;https:\/\/molibso.com\/molibsosite\/wp-content\/uploads\/2022\/10\/IMG_1902.jpg&#8221; title_text=&#8221;IMG_1902&#8243; align=&#8221;center&#8221; _builder_version=&#8221;4.21.0&#8243; _module_preset=&#8221;default&#8221; module_alignment=&#8221;center&#8221; border_width_all=&#8221;4px&#8221; border_color_all=&#8221;#FFFFFF&#8221; box_shadow_style=&#8221;preset1&#8243; global_colors_info=&#8221;{}&#8221;][\/et_pb_image][\/et_pb_column][\/et_pb_row][\/et_pb_section][et_pb_section fb_built=&#8221;1&#8243; custom_padding_last_edited=&#8221;on|phone&#8221; admin_label=&#8221;News &#038; Blog&#8221; _builder_version=&#8221;4.18.1&#8243; _module_preset=&#8221;default&#8221; background_enable_color=&#8221;off&#8221; custom_margin_tablet=&#8221;&#8221; custom_margin_phone=&#8221;|15px||15px|false|false&#8221; custom_margin_last_edited=&#8221;on|phone&#8221; custom_padding=&#8221;12px||10px|||&#8221; custom_padding_tablet=&#8221;12px||10px|||&#8221; custom_padding_phone=&#8221;12px||10px|0px|false|false&#8221; global_module=&#8221;1317&#8243; saved_tabs=&#8221;all&#8221; global_colors_info=&#8221;{}&#8221;][et_pb_row make_equal=&#8221;on&#8221; _builder_version=&#8221;4.21.0&#8243; _module_preset=&#8221;default&#8221; max_width=&#8221;100%&#8221; custom_margin=&#8221;-3px|auto||auto||&#8221; custom_padding=&#8221;10px|||||&#8221; global_colors_info=&#8221;{}&#8221;][et_pb_column type=&#8221;4_4&#8243; _builder_version=&#8221;4.18.0&#8243; _module_preset=&#8221;default&#8221; global_colors_info=&#8221;{}&#8221;][et_pb_text _builder_version=&#8221;4.21.0&#8243; _module_preset=&#8221;default&#8221; text_font=&#8221;|600|||||||&#8221; text_text_color=&#8221;#4F4B51&#8243; text_font_size=&#8221;40px&#8221; header_text_color=&#8221;#29C3EC&#8221; custom_margin=&#8221;||1px|||&#8221; custom_padding=&#8221;||0px|||&#8221; global_colors_info=&#8221;{}&#8221;]<\/p>\n<h2>molibso Trends &amp; News<\/h2>\n<p>[\/et_pb_text][et_pb_blog fullwidth=&#8221;off&#8221; include_categories=&#8221;20&#8243; show_author=&#8221;off&#8221; show_date=&#8221;off&#8221; show_categories=&#8221;off&#8221; masonry_tile_background_color=&#8221;#4F4B51&#8243; admin_label=&#8221;Blog Modul&#8221; module_class=&#8221;et_blog_grid_equal_height&#8221; _builder_version=&#8221;4.22.1&#8243; _module_preset=&#8221;default&#8221; header_level=&#8221;h3&#8243; header_text_color=&#8221;#FFFFFF&#8221; header_font_size=&#8221;20px&#8221; header_line_height=&#8221;1.4em&#8221; body_text_color=&#8221;#FFFFFF&#8221; meta_text_color=&#8221;#29C3EC&#8221; custom_margin=&#8221;24px|||||&#8221; header_font_size_tablet=&#8221;&#8221; header_font_size_phone=&#8221;18px&#8221; header_font_size_last_edited=&#8221;on|phone&#8221; body_font_size_tablet=&#8221;&#8221; body_font_size_phone=&#8221;16px&#8221; body_font_size_last_edited=&#8221;on|phone&#8221; box_shadow_style=&#8221;preset2&#8243; global_colors_info=&#8221;{}&#8221;][\/et_pb_blog][\/et_pb_column][\/et_pb_row][\/et_pb_section]<\/p>\n","protected":false},"excerpt":{"rendered":"<p>Lust auf neue Herausforderungen? Kreativer Kopf und Spa\u00df an L\u00f6sungen und Produkten f\u00fcr den Sport bzw. die Medizintechnik? Ideen, die Menschen begeistern und neue M\u00f6glichkeiten f\u00fcr eine noch bessere und ges\u00fcndere Bewegung bieten? Nationale und internationale Herausforderungen im Vertrieb meistern oder auch nur mal als Student bzw. Sch\u00fcler reinschnuppern? Dann sind Sie bei uns richtig!<\/p>\n<p>Wir wollen Menschen besser bewegen. Dazu suchen wir f\u00fcr unser junges, interdisziplin\u00e4res Team neue Kr\u00e4fte, die uns auf diesem Weg mit Ihrer Pers\u00f6nlichkeit unterst\u00fctzen. Welche Stellen wir anbieten und wer wir sind, das erfahren Sie hier.<\/p>\n","protected":false},"author":2,"featured_media":1196,"parent":0,"menu_order":0,"comment_status":"closed","ping_status":"closed","template":"","meta":{"_acf_changed":false,"_et_pb_use_builder":"on","_et_pb_old_content":"<!-- wp:divi\/placeholder \/-->","_et_gb_content_width":"","footnotes":""},"class_list":["post-729","page","type-page","status-publish","has-post-thumbnail","hentry"],"acf":[],"_links":{"self":[{"href":"https:\/\/molibso.com\/de\/wp-json\/wp\/v2\/pages\/729","targetHints":{"allow":["GET"]}}],"collection":[{"href":"https:\/\/molibso.com\/de\/wp-json\/wp\/v2\/pages"}],"about":[{"href":"https:\/\/molibso.com\/de\/wp-json\/wp\/v2\/types\/page"}],"author":[{"embeddable":true,"href":"https:\/\/molibso.com\/de\/wp-json\/wp\/v2\/users\/2"}],"replies":[{"embeddable":true,"href":"https:\/\/molibso.com\/de\/wp-json\/wp\/v2\/comments?post=729"}],"version-history":[{"count":10,"href":"https:\/\/molibso.com\/de\/wp-json\/wp\/v2\/pages\/729\/revisions"}],"predecessor-version":[{"id":3538,"href":"https:\/\/molibso.com\/de\/wp-json\/wp\/v2\/pages\/729\/revisions\/3538"}],"wp:featuredmedia":[{"embeddable":true,"href":"https:\/\/molibso.com\/de\/wp-json\/wp\/v2\/media\/1196"}],"wp:attachment":[{"href":"https:\/\/molibso.com\/de\/wp-json\/wp\/v2\/media?parent=729"}],"curies":[{"name":"wp","href":"https:\/\/api.w.org\/{rel}","templated":true}]}}