{"id":40,"date":"2022-10-15T16:59:39","date_gmt":"2022-10-15T14:59:39","guid":{"rendered":"http:\/\/wordpress.p627535.webspaceconfig.de\/?page_id=40"},"modified":"2025-07-31T08:41:44","modified_gmt":"2025-07-31T06:41:44","slug":"unternehmen","status":"publish","type":"page","link":"https:\/\/molibso.com\/de\/unternehmen\/","title":{"rendered":"Unternehmen"},"content":{"rendered":"<p>[et_pb_section fb_built=&#8221;1&#8243; admin_label=&#8221;\u00dcberschrift H1&#8243; _builder_version=&#8221;4.22.1&#8243; _module_preset=&#8221;default&#8221; custom_margin=&#8221;0px|0px|0px|0px|false|false&#8221; custom_padding=&#8221;0px|0px|0px|0px|false|false&#8221; collapsed=&#8221;on&#8221; global_colors_info=&#8221;{}&#8221;][et_pb_row _builder_version=&#8221;4.22.1&#8243; _module_preset=&#8221;default&#8221; background_color=&#8221;#4F4B51&#8243; width=&#8221;100%&#8221; max_width=&#8221;100%&#8221; module_alignment=&#8221;center&#8221; custom_margin=&#8221;||||false|false&#8221; custom_padding=&#8221;10px|5px|5px|5px|false|false&#8221; global_colors_info=&#8221;{}&#8221;][et_pb_column type=&#8221;4_4&#8243; _builder_version=&#8221;4.19.4&#8243; _module_preset=&#8221;default&#8221; global_colors_info=&#8221;{}&#8221;][et_pb_text _builder_version=&#8221;4.22.1&#8243; _module_preset=&#8221;default&#8221; text_font=&#8221;|||on|||||&#8221; text_text_color=&#8221;#FFFFFF&#8221; header_text_align=&#8221;center&#8221; header_text_color=&#8221;#FFFFFF&#8221; header_font_size=&#8221;20px&#8221; header_line_height=&#8221;1.3em&#8221; custom_margin=&#8221;|10px||10px|false|false&#8221; header_font_size_tablet=&#8221;&#8221; header_font_size_phone=&#8221;12px&#8221; header_font_size_last_edited=&#8221;on|phone&#8221; global_colors_info=&#8221;{}&#8221;]<\/p>\n<h1><span class=\"dipl_pre_text\">MOLIBSO TEAM<\/span><\/h1>\n<p>[\/et_pb_text][\/et_pb_column][\/et_pb_row][\/et_pb_section][et_pb_section fb_built=&#8221;1&#8243; custom_padding_last_edited=&#8221;on|phone&#8221; admin_label=&#8221;Kopfzeile&#8221; _builder_version=&#8221;4.19.4&#8243; background_enable_color=&#8221;off&#8221; use_background_color_gradient=&#8221;on&#8221; background_color_gradient_type=&#8221;circular&#8221; background_color_gradient_direction_radial=&#8221;left&#8221; background_color_gradient_stops=&#8221;#4f4b51 35%|rgba(255,255,255,0) 37%&#8221; background_color_gradient_overlays_image=&#8221;on&#8221; background_image=&#8221;https:\/\/molibso.com\/molibsosite\/wp-content\/uploads\/2022\/10\/IMG_5720.jpeg&#8221; background_enable_video_mp4=&#8221;off&#8221; custom_padding=&#8221;111px||134px||false|false&#8221; custom_padding_tablet=&#8221;111px||134px||false|false&#8221; custom_padding_phone=&#8221;100px||100px||false|false&#8221; bottom_divider_color=&#8221;#FFFFFF&#8221; background_last_edited=&#8221;on|phone&#8221; use_background_color_gradient_phone=&#8221;off&#8221; collapsed=&#8221;off&#8221; global_colors_info=&#8221;{}&#8221;][et_pb_row column_structure=&#8221;1_2,1_2&#8243; disabled_on=&#8221;on|off|off&#8221; admin_label=&#8221;Inhalt&#8221; _builder_version=&#8221;4.19.4&#8243; background_size=&#8221;initial&#8221; background_position=&#8221;top_left&#8221; background_repeat=&#8221;repeat&#8221; width=&#8221;100%&#8221; max_width=&#8221;100%&#8221; custom_margin=&#8221;|auto||auto|false|false&#8221; custom_padding=&#8221;50px||50px||false|false&#8221; global_colors_info=&#8221;{}&#8221;][et_pb_column type=&#8221;1_2&#8243; _builder_version=&#8221;4.18.0&#8243; custom_padding=&#8221;|||&#8221; global_colors_info=&#8221;{}&#8221; custom_padding__hover=&#8221;|||&#8221;][et_pb_text _builder_version=&#8221;4.22.1&#8243; _module_preset=&#8221;default&#8221; text_font=&#8221;|||on|||||&#8221; text_text_color=&#8221;#FFFFFF&#8221; text_font_size=&#8221;40px&#8221; text_line_height=&#8221;1.4em&#8221; header_font_size=&#8221;36px&#8221; width=&#8221;65%&#8221; max_width=&#8221;65%&#8221; custom_margin=&#8221;|2%||2%|false|false&#8221; text_font_size_tablet=&#8221;35px&#8221; global_colors_info=&#8221;{}&#8221;]<\/p>\n<p style=\"text-align: center;\">Team<br \/>molibso<\/p>\n<p>[\/et_pb_text][\/et_pb_column][et_pb_column type=&#8221;1_2&#8243; _builder_version=&#8221;4.18.0&#8243; custom_padding=&#8221;|||&#8221; global_colors_info=&#8221;{}&#8221; custom_padding__hover=&#8221;|||&#8221;][\/et_pb_column][\/et_pb_row][\/et_pb_section][et_pb_section fb_built=&#8221;1&#8243; custom_padding_last_edited=&#8221;on|phone&#8221; _builder_version=&#8221;4.18.0&#8243; _module_preset=&#8221;default&#8221; background_color=&#8221;RGBA(255,255,255,0)&#8221; background_enable_image=&#8221;off&#8221; background_size=&#8221;contain&#8221; background_position=&#8221;top_left&#8221; overflow-x=&#8221;visible&#8221; overflow-y=&#8221;visible&#8221; custom_margin=&#8221;150px||||false|false&#8221; custom_padding=&#8221;100px||80px||false|false&#8221; custom_padding_tablet=&#8221;50px||40px||false|false&#8221; custom_padding_phone=&#8221;20px||40px||false|false&#8221; scroll_vertical_motion=&#8221;0|50|50|100|2|0|-2&#8243; border_radii=&#8221;on|5px|5px|5px|5px&#8221; locked=&#8221;off&#8221; global_colors_info=&#8221;{}&#8221;][et_pb_row column_structure=&#8221;1_2,1_2&#8243; _builder_version=&#8221;4.18.0&#8243; _module_preset=&#8221;default&#8221; background_color=&#8221;#4F4B51&#8243; width=&#8221;81%&#8221; max_width=&#8221;1678px&#8221; custom_padding=&#8221;0px||0px||false|false&#8221; global_colors_info=&#8221;{}&#8221;][et_pb_column type=&#8221;1_2&#8243; _builder_version=&#8221;4.16&#8243; _module_preset=&#8221;default&#8221; global_colors_info=&#8221;{}&#8221;][et_pb_video src=&#8221;https:\/\/youtu.be\/fW4DdpqKEi0&#8243; src_webm=&#8221;https:\/\/youtu.be\/fW4DdpqKEi0&#8243; play_icon_color=&#8221;#29C3EC&#8221; _builder_version=&#8221;4.19.2&#8243; _module_preset=&#8221;default&#8221; width=&#8221;100%&#8221; custom_margin=&#8221;-26%|||-10%|false|false&#8221; custom_margin_tablet=&#8221;-26%|||-10%|false|false&#8221; custom_margin_phone=&#8221;-25%|||0%|false|false&#8221; custom_margin_last_edited=&#8221;on|phone&#8221; border_width_all=&#8221;10px&#8221; border_color_all=&#8221;#FFFFFF&#8221; box_shadow_style=&#8221;preset2&#8243; global_colors_info=&#8221;{}&#8221;][\/et_pb_video][et_pb_text _builder_version=&#8221;4.19.4&#8243; _module_preset=&#8221;default&#8221; text_text_color=&#8221;#7D7E81&#8243; width=&#8221;83%&#8221; custom_margin=&#8221;|||10px|false|false&#8221; global_colors_info=&#8221;{}&#8221;]<\/p>\n<p>Die ganze molibso Story auch als Video. Die \u201eNeue Gr\u00fcnderzeit NRW\u201c war bei molibso zu Besuch und stellt molibso als Unternehmen vor. (c) Neue Gr\u00fcnderzeit NRW\/Landesministerium f\u00fcr Wirtschaft NRW<\/p>\n<p>[\/et_pb_text][\/et_pb_column][et_pb_column type=&#8221;1_2&#8243; _builder_version=&#8221;4.18.0&#8243; _module_preset=&#8221;default&#8221; custom_padding=&#8221;10px|10px|10px|10px|false|false&#8221; global_colors_info=&#8221;{}&#8221;][dipl_double_color_heading heading_pre_part=&#8221;Unsere Reise&#8221; heading_main_part=&#8221;Wie molibso den Gang der Dinge ver\u00e4nderte&#8221; display_in_stack=&#8221;on&#8221; _builder_version=&#8221;4.21.2&#8243; _module_preset=&#8221;default&#8221; global_heading_settings_text_align=&#8221;left&#8221; pre_header_font=&#8221;||||||||&#8221; pre_header_text_color=&#8221;#7D7E81&#8243; pre_header_font_size=&#8221;26px&#8221; pre_header_line_height=&#8221;1em&#8221; main_header_font=&#8221;||||||||&#8221; main_header_text_align=&#8221;left&#8221; main_header_text_color=&#8221;#29C3EC&#8221; main_header_font_size=&#8221;40px&#8221; main_header_line_height=&#8221;1.3em&#8221; post_header_font=&#8221;Stalemate||||||||&#8221; post_header_text_color=&#8221;#265a64&#8243; post_header_font_size=&#8221;60px&#8221; post_header_letter_spacing=&#8221;5px&#8221; post_header_line_height=&#8221;1.3em&#8221; custom_margin=&#8221;10px||||false|false&#8221; global_heading_settings_text_align_tablet=&#8221;center&#8221; global_heading_settings_text_align_phone=&#8221;&#8221; global_heading_settings_text_align_last_edited=&#8221;on|tablet&#8221; pre_header_text_align_tablet=&#8221;center&#8221; pre_header_text_align_phone=&#8221;&#8221; pre_header_text_align_last_edited=&#8221;on|tablet&#8221; pre_header_font_size_tablet=&#8221;&#8221; pre_header_font_size_phone=&#8221;40px&#8221; pre_header_font_size_last_edited=&#8221;on|phone&#8221; main_header_text_align_tablet=&#8221;center&#8221; main_header_text_align_phone=&#8221;&#8221; main_header_text_align_last_edited=&#8221;on|tablet&#8221; main_header_font_size_tablet=&#8221;&#8221; main_header_font_size_phone=&#8221;24px&#8221; main_header_font_size_last_edited=&#8221;on|desktop&#8221; main_header_line_height_last_edited=&#8221;off|phone&#8221; post_header_font_size_tablet=&#8221;&#8221; post_header_font_size_phone=&#8221;40px&#8221; post_header_font_size_last_edited=&#8221;on|phone&#8221; global_colors_info=&#8221;{}&#8221;][\/dipl_double_color_heading][et_pb_text _builder_version=&#8221;4.22.1&#8243; _module_preset=&#8221;default&#8221; text_font=&#8221;||||||||&#8221; text_text_color=&#8221;#FFFFFF&#8221; width=&#8221;95.3%&#8221; width_tablet=&#8221;100%&#8221; width_phone=&#8221;&#8221; width_last_edited=&#8221;on|tablet&#8221; module_alignment=&#8221;left&#8221; custom_padding=&#8221;|||0px||&#8221; text_orientation_tablet=&#8221;center&#8221; text_orientation_phone=&#8221;&#8221; text_orientation_last_edited=&#8221;on|tablet&#8221; module_alignment_tablet=&#8221;center&#8221; module_alignment_phone=&#8221;&#8221; module_alignment_last_edited=&#8221;on|tablet&#8221; custom_css_main_element=&#8221;font-weight: 400;&#8221; global_colors_info=&#8221;{}&#8221;]<\/p>\n<p><strong>Die Vision:<\/strong> Aus einem pers\u00f6nlichen Bed\u00fcrfnis heraus, wurde eine innovatives Messkonzept geschaffen. Die Br\u00fcder Lars und Jens Hollenbacher aus Langenfeld \u2013 beide begeisterte Sportler \u2013 suchten nach einer Bewegungsanalyse, die ihrem sportlichen Anspruch gerecht wurde. Was sie fanden, war kompliziert, ineffizient und oft ungenau. Sie waren \u00fcberzeugt: Das muss besser werden!<\/p>\n<p><strong>Vom K\u00fcchentisch zur Revolution:<\/strong> An einem gem\u00fctlichen K\u00fcchentisch in Langenfeld entstand molibso dyneos. Eine Idee, die sich in nur f\u00fcnf Jahren zu einem international anerkannten Mess- und Beratungskonzept entwickelte. Heute best\u00e4tigen zahlreiche molibso dyneos Nutzer weltweit: Die Innovationskraft der Hollenbachers hat die Beratungs- und Analysewelt ver\u00e4ndert.<\/p>\n<p><strong>Ein starkes Team f\u00fcr ein einzigartiges Erlebnis:<\/strong> molibso ist mehr als nur eine Firma. Es ist eine Verbindung aus technischer Exzellenz, orthop\u00e4discher Expertise, Einzelhandelsstrategie und fortschrittlichen Beratungsmethoden. Unser Ziel? Ein unvergleichliches und individuelles Kauferlebnis f\u00fcr jeden Kunden.<\/p>\n<p>[\/et_pb_text][\/et_pb_column][\/et_pb_row][\/et_pb_section][et_pb_section fb_built=&#8221;1&#8243; _builder_version=&#8221;4.18.1&#8243; _module_preset=&#8221;default&#8221; global_colors_info=&#8221;{}&#8221;][et_pb_row _builder_version=&#8221;4.16&#8243; _module_preset=&#8221;default&#8221; global_colors_info=&#8221;{}&#8221;][et_pb_column type=&#8221;4_4&#8243; _builder_version=&#8221;4.16&#8243; _module_preset=&#8221;default&#8221; global_colors_info=&#8221;{}&#8221;][et_pb_text _builder_version=&#8221;4.22.1&#8243; _module_preset=&#8221;default&#8221; text_font=&#8221;|700||on|||||&#8221; text_text_color=&#8221;#29C3EC&#8221; text_orientation=&#8221;center&#8221; text_font_size_tablet=&#8221;32px&#8221; global_colors_info=&#8221;{}&#8221;]<\/p>\n<p>\u201eUnsere Mission: Menschen durch Technik und Expertise zu besserer Bewegung verhelfen.\u201c<\/p>\n<p>[\/et_pb_text][dipl_team_slider posts_number=&#8221;2&#8243; show_social_icon=&#8221;off&#8221; show_skills=&#8221;off&#8221; slider_layout=&#8221;layout2&#8243; post_per_slide=&#8221;2&#8243; previous_slide_arrow=&#8221;&#x34;||divi||400&#8243; next_slide_arrow=&#8221;&#x35;||divi||400&#8243; show_arrow_on_hover=&#8221;on&#8221; slide_bg_color=&#8221;#4F4B51&#8243; social_icon_size=&#8221;14px&#8221; social_icon_color=&#8221;#29C3EC&#8221; social_icon_background_color=&#8221;#ffffff&#8221; arrow_font_size=&#8221;30px&#8221; arrow_color=&#8221;#682aa5&#8243; arrow_background_color=&#8221;#ffffff&#8221; post_per_slide_tablet=&#8221;2&#8243; post_per_slide_phone=&#8221;1&#8243; post_per_slide_last_edited=&#8221;on|phone&#8221; _builder_version=&#8221;4.21.0&#8243; _module_preset=&#8221;default&#8221; name_level=&#8221;h4&#8243; name_font=&#8221;||||||||&#8221; name_text_align=&#8221;left&#8221; name_text_color=&#8221;#ffffff&#8221; name_font_size=&#8221;26px&#8221; designation_level=&#8221;h6&#8243; designation_font=&#8221;||on||||||&#8221; designation_text_align=&#8221;left&#8221; designation_text_color=&#8221;#ffffff&#8221; body_text_align=&#8221;left&#8221; body_text_color=&#8221;#ffffff&#8221; body_font_size=&#8221;14px&#8221; body_line_height=&#8221;1.7em&#8221; skill_text_text_align=&#8221;left&#8221; skill_text_text_color=&#8221;#29C3EC&#8221; skill_text_font_size=&#8221;12px&#8221; skill_text_line_height=&#8221;1.4em&#8221; name_font_size_tablet=&#8221;22px&#8221; name_font_size_phone=&#8221;17px&#8221; name_font_size_last_edited=&#8221;on|phone&#8221; designation_font_size_tablet=&#8221;&#8221; designation_font_size_phone=&#8221;12px&#8221; designation_font_size_last_edited=&#8221;on|phone&#8221; body_font_size_tablet=&#8221;14px&#8221; body_font_size_phone=&#8221;12px&#8221; body_font_size_last_edited=&#8221;on|phone&#8221; body_line_height_tablet=&#8221;1.7em&#8221; body_line_height_phone=&#8221;1.5em&#8221; body_line_height_last_edited=&#8221;on|phone&#8221; border_radii_team_member_icon_border=&#8221;on|50%|50%|50%|50%&#8221; locked=&#8221;off&#8221; global_colors_info=&#8221;{}&#8221; body_line_height__hover_enabled=&#8221;off|desktop&#8221;][\/dipl_team_slider][\/et_pb_column][\/et_pb_row][\/et_pb_section][et_pb_section fb_built=&#8221;1&#8243; custom_padding_last_edited=&#8221;on|phone&#8221; admin_label=&#8221;News &#038; Blog&#8221; _builder_version=&#8221;4.18.1&#8243; _module_preset=&#8221;default&#8221; background_enable_color=&#8221;off&#8221; custom_margin_tablet=&#8221;&#8221; custom_margin_phone=&#8221;|15px||15px|false|false&#8221; custom_margin_last_edited=&#8221;on|phone&#8221; custom_padding=&#8221;12px||10px|||&#8221; custom_padding_tablet=&#8221;12px||10px|||&#8221; custom_padding_phone=&#8221;12px||10px|0px|false|false&#8221; global_module=&#8221;1317&#8243; saved_tabs=&#8221;all&#8221; global_colors_info=&#8221;{}&#8221;][et_pb_row make_equal=&#8221;on&#8221; _builder_version=&#8221;4.21.0&#8243; _module_preset=&#8221;default&#8221; max_width=&#8221;100%&#8221; custom_margin=&#8221;-3px|auto||auto||&#8221; custom_padding=&#8221;10px|||||&#8221; global_colors_info=&#8221;{}&#8221;][et_pb_column type=&#8221;4_4&#8243; _builder_version=&#8221;4.18.0&#8243; _module_preset=&#8221;default&#8221; global_colors_info=&#8221;{}&#8221;][et_pb_text _builder_version=&#8221;4.21.0&#8243; _module_preset=&#8221;default&#8221; text_font=&#8221;|600|||||||&#8221; text_text_color=&#8221;#4F4B51&#8243; text_font_size=&#8221;40px&#8221; header_text_color=&#8221;#29C3EC&#8221; custom_margin=&#8221;||1px|||&#8221; custom_padding=&#8221;||0px|||&#8221; global_colors_info=&#8221;{}&#8221;]<\/p>\n<h2>molibso Trends &amp; News<\/h2>\n<p>[\/et_pb_text][et_pb_blog fullwidth=&#8221;off&#8221; include_categories=&#8221;20&#8243; show_author=&#8221;off&#8221; show_date=&#8221;off&#8221; show_categories=&#8221;off&#8221; masonry_tile_background_color=&#8221;#4F4B51&#8243; admin_label=&#8221;Blog Modul&#8221; module_class=&#8221;et_blog_grid_equal_height&#8221; _builder_version=&#8221;4.22.1&#8243; _module_preset=&#8221;default&#8221; header_level=&#8221;h3&#8243; header_text_color=&#8221;#FFFFFF&#8221; header_font_size=&#8221;20px&#8221; header_line_height=&#8221;1.4em&#8221; body_text_color=&#8221;#FFFFFF&#8221; meta_text_color=&#8221;#29C3EC&#8221; custom_margin=&#8221;24px|||||&#8221; header_font_size_tablet=&#8221;&#8221; header_font_size_phone=&#8221;18px&#8221; header_font_size_last_edited=&#8221;on|phone&#8221; body_font_size_tablet=&#8221;&#8221; body_font_size_phone=&#8221;16px&#8221; body_font_size_last_edited=&#8221;on|phone&#8221; box_shadow_style=&#8221;preset2&#8243; global_colors_info=&#8221;{}&#8221;][\/et_pb_blog][\/et_pb_column][\/et_pb_row][\/et_pb_section]<\/p>\n","protected":false},"excerpt":{"rendered":"<p>MOLIBSO TEAMTeammolibsoDie ganze molibso Story auch als Video. Die \u201eNeue Gr\u00fcnderzeit NRW\u201c war bei molibso zu Besuch und stellt molibso als Unternehmen vor. (c) Neue Gr\u00fcnderzeit NRW\/Landesministerium f\u00fcr Wirtschaft NRW<div class=\"et_pb_module dipl_double_color_heading dipl_double_color_heading_0 \">\n\t\t\t\t\n\t\t\t\t\n\t\t\t\t\n\t\t\t\t\n\t\t\t\t\n\t\t\t\t\n\t\t\t\t<div class=\"et_pb_module_inner\">\n\t\t\t\t\t<div class=\"dipl_text_wrapper\"><h2><\/h2><\/div>\n\t\t\t\t<\/div>\n\t\t\t<\/div><\/p>\n","protected":false},"author":2,"featured_media":0,"parent":0,"menu_order":0,"comment_status":"closed","ping_status":"closed","template":"","meta":{"_acf_changed":false,"_et_pb_use_builder":"on","_et_pb_old_content":"<p>\u00a0<\/p>\r\n<!-- wp:divi\/placeholder \/-->","_et_gb_content_width":"","footnotes":""},"class_list":["post-40","page","type-page","status-publish","hentry"],"acf":[],"_links":{"self":[{"href":"https:\/\/molibso.com\/de\/wp-json\/wp\/v2\/pages\/40","targetHints":{"allow":["GET"]}}],"collection":[{"href":"https:\/\/molibso.com\/de\/wp-json\/wp\/v2\/pages"}],"about":[{"href":"https:\/\/molibso.com\/de\/wp-json\/wp\/v2\/types\/page"}],"author":[{"embeddable":true,"href":"https:\/\/molibso.com\/de\/wp-json\/wp\/v2\/users\/2"}],"replies":[{"embeddable":true,"href":"https:\/\/molibso.com\/de\/wp-json\/wp\/v2\/comments?post=40"}],"version-history":[{"count":10,"href":"https:\/\/molibso.com\/de\/wp-json\/wp\/v2\/pages\/40\/revisions"}],"predecessor-version":[{"id":3849,"href":"https:\/\/molibso.com\/de\/wp-json\/wp\/v2\/pages\/40\/revisions\/3849"}],"wp:attachment":[{"href":"https:\/\/molibso.com\/de\/wp-json\/wp\/v2\/media?parent=40"}],"curies":[{"name":"wp","href":"https:\/\/api.w.org\/{rel}","templated":true}]}}