{"id":35,"date":"2022-10-15T16:58:15","date_gmt":"2022-10-15T14:58:15","guid":{"rendered":"http:\/\/wordpress.p627535.webspaceconfig.de\/?page_id=35"},"modified":"2025-09-22T09:14:01","modified_gmt":"2025-09-22T07:14:01","slug":"impressum","status":"publish","type":"page","link":"https:\/\/molibso.com\/de\/impressum\/","title":{"rendered":"Impressum"},"content":{"rendered":"\r\n<p>Anbieter:<\/p>\r\n\r\n\r\n\r\n<p>molibso Entwicklungs- und Vertriebs GmbH<\/p>\r\n\r\n\r\n\r\n<p>Karl-Benz-Str. 1<\/p>\r\n\r\n\r\n\r\n<p>40764 Langenfeld<\/p>\r\n\r\n\r\n\r\n<p>Kontakt:<\/p>\r\n\r\n\r\n\r\n<p>Telefon: +49 (0)2173 \/ 207 094 0<\/p>\r\n\r\n\r\n\r\n<p>Telefax: +49 (0)2173 \/ 914618<\/p>\r\n\r\n\r\n\r\n<p>e-Mail: mail@molibso.com<\/p>\r\n\r\n\r\n\r\n<p>Website: molibso.com<\/p>\r\n\r\n\r\n\r\n<p>Verantwortlich nach \u00a7 6 Abs.2 MDStV<\/p>\r\n\r\n\r\n\r\n<p>Dr.-Ing. Jens Hollenbacher<\/p>\r\n\r\n\r\n\r\n<p>Karl-Benz-Str. 1<\/p>\r\n\r\n\r\n\r\n<p>40764 Langenfeld<\/p>\r\n\r\n\r\n\r\n<p>Registergericht: AG D\u00fcsseldorf<\/p>\r\n\r\n\r\n\r\n<p>HRB-Nummer: 75318<\/p>\r\n\r\n\r\n\r\n<p>Gesch\u00e4ftsf\u00fchrung: Dr.-Ing. Jens Hollenbacher, Lars Hollenbacher<\/p>\r\n\r\n\r\n","protected":false},"excerpt":{"rendered":"<p>Anbieter: molibso Entwicklungs- und Vertriebs GmbH Karl-Benz-Str. 1 40764 Langenfeld Kontakt: Telefon: +49 (0)2173 \/ 207 094 0 Telefax: +49 (0)2173 \/ 914618 e-Mail: mail@molibso.com Website: molibso.com Verantwortlich nach \u00a7 6 Abs.2 MDStV Dr.-Ing. Jens Hollenbacher Karl-Benz-Str. 1 40764 Langenfeld Registergericht: AG D\u00fcsseldorf HRB-Nummer: 75318 Gesch\u00e4ftsf\u00fchrung: Dr.-Ing. Jens Hollenbacher, Lars Hollenbacher<\/p>\n","protected":false},"author":2,"featured_media":0,"parent":0,"menu_order":0,"comment_status":"closed","ping_status":"closed","template":"","meta":{"_acf_changed":false,"_et_pb_use_builder":"","_et_pb_old_content":"","_et_gb_content_width":"","footnotes":""},"class_list":["post-35","page","type-page","status-publish","hentry"],"acf":[],"_links":{"self":[{"href":"https:\/\/molibso.com\/de\/wp-json\/wp\/v2\/pages\/35","targetHints":{"allow":["GET"]}}],"collection":[{"href":"https:\/\/molibso.com\/de\/wp-json\/wp\/v2\/pages"}],"about":[{"href":"https:\/\/molibso.com\/de\/wp-json\/wp\/v2\/types\/page"}],"author":[{"embeddable":true,"href":"https:\/\/molibso.com\/de\/wp-json\/wp\/v2\/users\/2"}],"replies":[{"embeddable":true,"href":"https:\/\/molibso.com\/de\/wp-json\/wp\/v2\/comments?post=35"}],"version-history":[{"count":1,"href":"https:\/\/molibso.com\/de\/wp-json\/wp\/v2\/pages\/35\/revisions"}],"predecessor-version":[{"id":4110,"href":"https:\/\/molibso.com\/de\/wp-json\/wp\/v2\/pages\/35\/revisions\/4110"}],"wp:attachment":[{"href":"https:\/\/molibso.com\/de\/wp-json\/wp\/v2\/media?parent=35"}],"curies":[{"name":"wp","href":"https:\/\/api.w.org\/{rel}","templated":true}]}}