{"id":2013,"date":"2022-11-18T15:25:34","date_gmt":"2022-11-18T14:25:34","guid":{"rendered":"https:\/\/molibso.com\/?page_id=2013"},"modified":"2022-11-18T15:28:18","modified_gmt":"2022-11-18T14:28:18","slug":"kontakt-danke","status":"publish","type":"page","link":"https:\/\/molibso.com\/de\/kontakt-danke\/","title":{"rendered":"Kontakt danke"},"content":{"rendered":"<p>[et_pb_section fb_built=&#8221;1&#8243; custom_padding_last_edited=&#8221;on|phone&#8221; admin_label=&#8221;Kopfzeile&#8221; _builder_version=&#8221;4.18.1&#8243; background_color=&#8221;#000000&#8243; use_background_color_gradient=&#8221;on&#8221; background_color_gradient_type=&#8221;circular&#8221; background_color_gradient_direction_radial=&#8221;left&#8221; background_color_gradient_stops=&#8221;#4f4b51 35%|rgba(255,255,255,0) 37%&#8221; background_color_gradient_overlays_image=&#8221;on&#8221; background_image=&#8221;https:\/\/molibso.com\/molibsosite\/wp-content\/uploads\/2022\/10\/molibso-messe-outdoor221.jpg&#8221; background_enable_video_mp4=&#8221;off&#8221; custom_padding=&#8221;111px||134px||false|false&#8221; custom_padding_tablet=&#8221;111px||134px||false|false&#8221; custom_padding_phone=&#8221;100px||100px||false|false&#8221; bottom_divider_color=&#8221;#FFFFFF&#8221; collapsed=&#8221;off&#8221; global_colors_info=&#8221;{}&#8221;][et_pb_row column_structure=&#8221;1_2,1_2&#8243; admin_label=&#8221;Inhalt&#8221; _builder_version=&#8221;4.18.1&#8243; background_size=&#8221;initial&#8221; background_position=&#8221;top_left&#8221; background_repeat=&#8221;repeat&#8221; width=&#8221;100%&#8221; max_width=&#8221;100%&#8221; custom_margin=&#8221;|auto||auto|false|false&#8221; custom_padding=&#8221;50px||50px||false|false&#8221; global_colors_info=&#8221;{}&#8221;][et_pb_column type=&#8221;1_2&#8243; _builder_version=&#8221;4.18.0&#8243; custom_padding=&#8221;|||&#8221; global_colors_info=&#8221;{}&#8221; custom_padding__hover=&#8221;|||&#8221;][et_pb_text _builder_version=&#8221;4.19.1&#8243; _module_preset=&#8221;default&#8221; text_font=&#8221;|600||on|||||&#8221; text_text_color=&#8221;#FFFFFF&#8221; text_font_size=&#8221;35px&#8221; text_line_height=&#8221;1em&#8221; header_font_size=&#8221;36px&#8221; width=&#8221;65%&#8221; max_width=&#8221;65%&#8221; custom_margin=&#8221;|2%||2%|false|false&#8221; custom_margin_tablet=&#8221;|2%||2%|false|false&#8221; custom_margin_phone=&#8221;|0%||0%|false|false&#8221; custom_margin_last_edited=&#8221;on|phone&#8221; custom_padding_tablet=&#8221;&#8221; custom_padding_phone=&#8221;|0px||0px|false|false&#8221; custom_padding_last_edited=&#8221;on|phone&#8221; hover_enabled=&#8221;0&#8243; text_font_size_tablet=&#8221;35px&#8221; text_font_size_phone=&#8221;25px&#8221; text_font_size_last_edited=&#8221;on|phone&#8221; global_colors_info=&#8221;{}&#8221; sticky_enabled=&#8221;0&#8243;]<\/p>\n<p style=\"text-align: center;\">Vielen Dank!<\/p>\n<p>[\/et_pb_text][et_pb_text _builder_version=&#8221;4.19.1&#8243; _module_preset=&#8221;default&#8221; text_font=&#8221;|600||on|||||&#8221; text_text_color=&#8221;#FFFFFF&#8221; text_font_size=&#8221;35px&#8221; text_line_height=&#8221;1em&#8221; header_font_size=&#8221;36px&#8221; width=&#8221;65%&#8221; max_width=&#8221;65%&#8221; custom_margin=&#8221;|2%||2%|false|false&#8221; custom_margin_tablet=&#8221;|2%||2%|false|false&#8221; custom_margin_phone=&#8221;|0%||0%|false|false&#8221; custom_margin_last_edited=&#8221;on|phone&#8221; custom_padding_tablet=&#8221;&#8221; custom_padding_phone=&#8221;|0px||0px|false|false&#8221; custom_padding_last_edited=&#8221;on|phone&#8221; hover_enabled=&#8221;0&#8243; text_font_size_tablet=&#8221;35px&#8221; text_font_size_phone=&#8221;25px&#8221; text_font_size_last_edited=&#8221;on|phone&#8221; global_colors_info=&#8221;{}&#8221; sticky_enabled=&#8221;0&#8243;]<\/p>\n<p style=\"text-align: center;\">Ihre Nachricht ist angekommen<\/p>\n<p>[\/et_pb_text][\/et_pb_column][et_pb_column type=&#8221;1_2&#8243; disabled_on=&#8221;off|off|off&#8221; _builder_version=&#8221;4.18.1&#8243; custom_padding=&#8221;|||&#8221; global_colors_info=&#8221;{}&#8221; custom_padding__hover=&#8221;|||&#8221;][\/et_pb_column][\/et_pb_row][\/et_pb_section][et_pb_section fb_built=&#8221;1&#8243; admin_label=&#8221;section&#8221; _builder_version=&#8221;4.18.0&#8243; background_color=&#8221;#FFFFFF&#8221; custom_padding=&#8221;67px||78px|||&#8221; global_colors_info=&#8221;{}&#8221;][et_pb_row column_structure=&#8221;1_2,1_2&#8243; make_equal=&#8221;on&#8221; admin_label=&#8221;Zeile&#8221; _builder_version=&#8221;4.18.0&#8243; _module_preset=&#8221;default&#8221; background_color=&#8221;#7D7E81&#8243; width=&#8221;90%&#8221; max_width=&#8221;100%&#8221; min_height=&#8221;284.9px&#8221; custom_margin=&#8221;|auto||auto|false|false&#8221; custom_padding=&#8221;0px|0px|0px|0px|false|false&#8221; global_colors_info=&#8221;{}&#8221;][et_pb_column type=&#8221;1_2&#8243; _builder_version=&#8221;4.18.0&#8243; _module_preset=&#8221;default&#8221; background_color=&#8221;#7D7E81&#8243; global_colors_info=&#8221;{}&#8221;][et_pb_text _builder_version=&#8221;4.19.1&#8243; _module_preset=&#8221;default&#8221; text_font=&#8221;|600|||||||&#8221; text_text_color=&#8221;#FFFFFF&#8221; text_font_size=&#8221;19px&#8221; custom_margin=&#8221;||||false|false&#8221; custom_padding=&#8221;59px|10px|10px|10px|false|false&#8221; hover_enabled=&#8221;0&#8243; global_colors_info=&#8221;{}&#8221; sticky_enabled=&#8221;0&#8243;]<\/p>\n<p style=\"text-align: left;\">molibso Entwicklungs- und Vertriebs GmbH<\/p>\n<p style=\"text-align: left;\">Karl-Benz-Str. 1<br \/>40764 Langenfeld<br \/>Germany<\/p>\n<p style=\"text-align: left;\">+49 (0) 2173 \/ 207 094 0<br \/><a href=\"mailto:mail@molibso.com\">mail@molibso.com<\/a><\/p>\n<p>[\/et_pb_text][\/et_pb_column][et_pb_column type=&#8221;1_2&#8243; _builder_version=&#8221;4.18.0&#8243; _module_preset=&#8221;default&#8221; background_color=&#8221;#7D7E81&#8243; global_colors_info=&#8221;{}&#8221;][\/et_pb_column][\/et_pb_row][et_pb_row column_structure=&#8221;1_2,1_2&#8243; make_equal=&#8221;on&#8221; admin_label=&#8221;Zeile&#8221; _builder_version=&#8221;4.18.1&#8243; _module_preset=&#8221;default&#8221; background_enable_color=&#8221;off&#8221; width=&#8221;90%&#8221; max_width=&#8221;100%&#8221; min_height=&#8221;284.9px&#8221; custom_margin=&#8221;-250px|200px||auto|false|false&#8221; custom_margin_tablet=&#8221;-250px|200px||auto|false|false&#8221; custom_margin_phone=&#8221;0px|0px||20px|false|false&#8221; custom_margin_last_edited=&#8221;on|phone&#8221; custom_padding=&#8221;0px|0px|0px|0px|false|false&#8221; global_colors_info=&#8221;{}&#8221;][et_pb_column type=&#8221;1_2&#8243; _builder_version=&#8221;4.18.0&#8243; _module_preset=&#8221;default&#8221; background_enable_color=&#8221;off&#8221; global_colors_info=&#8221;{}&#8221;][\/et_pb_column][et_pb_column type=&#8221;1_2&#8243; _builder_version=&#8221;4.18.0&#8243; _module_preset=&#8221;default&#8221; background_enable_color=&#8221;off&#8221; global_colors_info=&#8221;{}&#8221;][et_pb_code _builder_version=&#8221;4.18.1&#8243; _module_preset=&#8221;default&#8221; width=&#8221;98%&#8221; max_width=&#8221;100%&#8221; custom_margin=&#8221;10px||10px||false|false&#8221; custom_padding=&#8221;0px|0px|0px|0px|false|false&#8221; border_width_all=&#8221;6px&#8221; border_color_all=&#8221;#FFFFFF&#8221; box_shadow_style=&#8221;preset2&#8243; global_colors_info=&#8221;{}&#8221;] <\/p>\n<div class=\"brlbs-cmpnt-container brlbs-cmpnt-content-blocker brlbs-cmpnt-with-individual-styles\" data-borlabs-cookie-content-blocker-id=\"default\" data-borlabs-cookie-content=\"PGlmcmFtZSBzcmM9Imh0dHBzOi8vd3d3Lmdvb2dsZS5jb20vbWFwcy9lbWJlZD9wYj0hMW0xNCExbTghMW0zITFkMTAwMTcuNzI2ODgxNTA4NzEhMmQ2LjkxODQ2NzYhM2Q1MS4xMTg5NDQzITNtMiExaTEwMjQhMmk3NjghNGYxMy4xITNtMyExbTIhMXMweDAlM0EweDk5NWEwYjJmYmMxMWU1YWMhMnNtb2xpYnNvJTIwRW50d2lja2x1bmdzLSUyMHVuZCUyMFZlcnRyaWVicyUyMEdtYkghNWUwITNtMiExc2RlITJzZGUhNHYxNjY2ODYyNjYwNjE1ITVtMiExc2RlITJzZGUiIHdpZHRoPSIxMDAwIiBoZWlnaHQ9IjQwMCIgc3R5bGU9ImJvcmRlcjowOyIgYWxsb3dmdWxsc2NyZWVuPSIiIGxvYWRpbmc9ImxhenkiIHJlZmVycmVycG9saWN5PSJuby1yZWZlcnJlci13aGVuLWRvd25ncmFkZSI+PC9pZnJhbWU+\">\n<div class=\"brlbs-cmpnt-cb-preset-a\">\n<p class=\"brlbs-cmpnt-cb-description\">Sie sehen gerade einen Platzhalterinhalt von <strong>Standard<\/strong>. Um auf den eigentlichen Inhalt zuzugreifen, klicken Sie auf den Button unten. Bitte beachten Sie, dass dabei Daten an Drittanbieter weitergegeben werden.<\/p>\n<div class=\"brlbs-cmpnt-cb-buttons\"> <a class=\"brlbs-cmpnt-cb-btn\" href=\"#\" data-borlabs-cookie-unblock role=\"button\">Inhalt entsperren<\/a> <a class=\"brlbs-cmpnt-cb-btn\" href=\"#\" data-borlabs-cookie-accept-service role=\"button\" style=\"display: none\">Erforderlichen Service akzeptieren und Inhalte entsperren<\/a> <\/div>\n<p> <a class=\"brlbs-cmpnt-cb-provider-toggle\" href=\"#\" data-borlabs-cookie-show-provider-information role=\"button\">Weitere Informationen<\/a> <\/div>\n<\/div>\n<p>[\/et_pb_code][\/et_pb_column][\/et_pb_row][\/et_pb_section][et_pb_section fb_built=&#8221;1&#8243; custom_padding_last_edited=&#8221;on|phone&#8221; _builder_version=&#8221;4.18.1&#8243; _module_preset=&#8221;default&#8221; background_color=&#8221;#FFFFFF&#8221; custom_padding=&#8221;28px|||||&#8221; custom_padding_tablet=&#8221;28px|||||&#8221; custom_padding_phone=&#8221;0px||||false|false&#8221; locked=&#8221;off&#8221; global_colors_info=&#8221;{}&#8221;][et_pb_row column_structure=&#8221;1_3,1_3,1_3&#8243; use_custom_gutter=&#8221;on&#8221; gutter_width=&#8221;1&#8243; make_equal=&#8221;on&#8221; _builder_version=&#8221;4.18.0&#8243; _module_preset=&#8221;default&#8221; width=&#8221;90%&#8221; width_last_edited=&#8221;off|desktop&#8221; max_width=&#8221;100%&#8221; module_alignment=&#8221;center&#8221; custom_padding=&#8221;78px|||||&#8221; global_colors_info=&#8221;{}&#8221; width__hover_enabled=&#8221;off|desktop&#8221;][et_pb_column type=&#8221;1_3&#8243; _builder_version=&#8221;4.18.0&#8243; _module_preset=&#8221;default&#8221; background_color=&#8221;#7D7E81&#8243; animation_style=&#8221;fold&#8221; animation_delay=&#8221;100ms&#8221; global_colors_info=&#8221;{}&#8221;][dipl_image_card title=&#8221;Anreise per PKW&#8221; icon=&#8221;&#xf1b9;||fa||900&#8243; icon_alignment=&#8221;center&#8221; icon_font_size=&#8221;50px&#8221; icon_color=&#8221;#FFFFFF&#8221; style_icon=&#8221;on&#8221; icon_shape=&#8221;dipl_icon_shape_circle&#8221; shape_bg_color=&#8221;#7D7E81&#8243; content_custom_padding=&#8221;36px|36px|36px|36px|true|true&#8221; content_bg_color=&#8221;#7D7E81&#8243; _builder_version=&#8221;4.18.0&#8243; _module_preset=&#8221;default&#8221; title_font=&#8221;|700|||||||&#8221; title_text_color=&#8221;#ffffff&#8221; title_font_size=&#8221;22px&#8221; title_line_height=&#8221;1.5em&#8221; content_font=&#8221;||||||||&#8221; content_text_color=&#8221;#ffffff&#8221; content_font_size=&#8221;16px&#8221; background_enable_color=&#8221;off&#8221; background_layout=&#8221;dark&#8221; locked=&#8221;off&#8221; global_colors_info=&#8221;{}&#8221;]<\/p>\n<p>Mit dem PKW erreichen Sie uns einfach \u00fcber die Autobahn A59 Abfahrt Monheim. Parkpl\u00e4tze finden Sie in direkter Umgebung (Industriegebiet).<\/p>\n<p>[\/dipl_image_card][\/et_pb_column][et_pb_column type=&#8221;1_3&#8243; _builder_version=&#8221;4.18.0&#8243; _module_preset=&#8221;default&#8221; background_color=&#8221;#29C3EC&#8221; animation_style=&#8221;fold&#8221; animation_delay=&#8221;150ms&#8221; global_colors_info=&#8221;{}&#8221;][dipl_image_card title=&#8221;Anreise per Fahrrad&#8221; icon=&#8221;&#xf206;||fa||900&#8243; icon_alignment=&#8221;center&#8221; icon_font_size=&#8221;50px&#8221; icon_color=&#8221;#ffffff&#8221; style_icon=&#8221;on&#8221; icon_shape=&#8221;dipl_icon_shape_circle&#8221; shape_bg_color=&#8221;#29C3EC&#8221; content_custom_padding=&#8221;36px|36px|36px|36px|true|true&#8221; content_bg_color=&#8221;#29C3EC&#8221; _builder_version=&#8221;4.18.1&#8243; _module_preset=&#8221;default&#8221; title_font=&#8221;||||||||&#8221; title_text_color=&#8221;#ffffff&#8221; title_font_size=&#8221;22px&#8221; title_line_height=&#8221;1.5em&#8221; content_font=&#8221;||||||||&#8221; content_text_color=&#8221;#ffffff&#8221; content_font_size=&#8221;16px&#8221; background_enable_color=&#8221;off&#8221; background_layout=&#8221;dark&#8221; custom_margin_tablet=&#8221;&#8221; custom_margin_phone=&#8221;11px||||false|false&#8221; custom_margin_last_edited=&#8221;on|phone&#8221; border_width_right=&#8221;1px&#8221; border_color_right=&#8221;#247ba0&#8243; border_width_left=&#8221;1px&#8221; border_color_left=&#8221;#247ba0&#8243; locked=&#8221;off&#8221; global_colors_info=&#8221;{}&#8221;]<\/p>\n<p>Auch wir lieben es mit dem Rad zu fahren. Stellpl\u00e4tze f\u00fcr Ihr Fahrrad finden Sie nat\u00fcrlich direkt vor unserem Eingang.<\/p>\n<p>[\/dipl_image_card][\/et_pb_column][et_pb_column type=&#8221;1_3&#8243; _builder_version=&#8221;4.18.0&#8243; _module_preset=&#8221;default&#8221; background_color=&#8221;#4F4B51&#8243; animation_style=&#8221;fold&#8221; animation_delay=&#8221;200ms&#8221; global_colors_info=&#8221;{}&#8221;][dipl_image_card title=&#8221;Anreise per Bahn&#8221; icon=&#8221;&#xf239;||fa||900&#8243; icon_alignment=&#8221;center&#8221; icon_font_size=&#8221;50px&#8221; icon_color=&#8221;#ffffff&#8221; style_icon=&#8221;on&#8221; icon_shape=&#8221;dipl_icon_shape_circle&#8221; shape_bg_color=&#8221;#4F4B51&#8243; content_custom_padding=&#8221;36px|36px|36px|36px|true|true&#8221; content_bg_color=&#8221;#4F4B51&#8243; _builder_version=&#8221;4.18.1&#8243; _module_preset=&#8221;default&#8221; title_font=&#8221;||||||||&#8221; title_text_color=&#8221;#ffffff&#8221; title_font_size=&#8221;22px&#8221; title_line_height=&#8221;1.5em&#8221; content_font=&#8221;||||||||&#8221; content_text_color=&#8221;#ffffff&#8221; content_font_size=&#8221;16px&#8221; background_enable_color=&#8221;off&#8221; background_layout=&#8221;dark&#8221; custom_margin_tablet=&#8221;&#8221; custom_margin_phone=&#8221;11px||||false|false&#8221; custom_margin_last_edited=&#8221;on|phone&#8221; locked=&#8221;off&#8221; global_colors_info=&#8221;{}&#8221;]<\/p>\n<p>Mit der S-Bahn erreichen Sie uns ebenfalls. Gerne holen wir Sie vom S-Bahnhof Langenfeld Berghausen ab und bringen Sie nach dem Termin wieder hin.<\/p>\n<p>[\/dipl_image_card][\/et_pb_column][\/et_pb_row][\/et_pb_section][et_pb_section fb_built=&#8221;1&#8243; custom_padding_last_edited=&#8221;on|phone&#8221; admin_label=&#8221;News &#038; Blog&#8221; _builder_version=&#8221;4.18.1&#8243; _module_preset=&#8221;default&#8221; background_enable_color=&#8221;off&#8221; custom_margin_tablet=&#8221;&#8221; custom_margin_phone=&#8221;|15px||15px|false|false&#8221; custom_margin_last_edited=&#8221;on|phone&#8221; custom_padding=&#8221;12px||10px|||&#8221; custom_padding_tablet=&#8221;12px||10px|||&#8221; custom_padding_phone=&#8221;12px||10px|0px|false|false&#8221; global_module=&#8221;1317&#8243; saved_tabs=&#8221;all&#8221; global_colors_info=&#8221;{}&#8221;][et_pb_row make_equal=&#8221;on&#8221; _builder_version=&#8221;4.18.0&#8243; _module_preset=&#8221;default&#8221; width=&#8221;90%&#8221; max_width=&#8221;100%&#8221; custom_margin=&#8221;-3px|auto||auto||&#8221; custom_padding=&#8221;10px|||||&#8221; global_colors_info=&#8221;{}&#8221;][et_pb_column type=&#8221;4_4&#8243; _builder_version=&#8221;4.18.0&#8243; _module_preset=&#8221;default&#8221; global_colors_info=&#8221;{}&#8221;][et_pb_text _builder_version=&#8221;4.18.0&#8243; _module_preset=&#8221;default&#8221; text_font=&#8221;|600|||||||&#8221; text_text_color=&#8221;#4F4B51&#8243; text_font_size=&#8221;26px&#8221; header_text_color=&#8221;#29C3EC&#8221; custom_margin=&#8221;||1px|||&#8221; custom_padding=&#8221;||25px|||&#8221; global_colors_info=&#8221;{}&#8221;]<\/p>\n<p>molibso News &amp; Infos<\/p>\n<p>[\/et_pb_text][et_pb_blog fullwidth=&#8221;off&#8221; include_categories=&#8221;20&#8243; show_author=&#8221;off&#8221; masonry_tile_background_color=&#8221;#4F4B51&#8243; admin_label=&#8221;Blog Modul&#8221; module_class=&#8221;pa-blog-equal-height&#8221; _builder_version=&#8221;4.18.1&#8243; _module_preset=&#8221;default&#8221; header_level=&#8221;h3&#8243; header_text_color=&#8221;#FFFFFF&#8221; body_text_color=&#8221;#FFFFFF&#8221; meta_text_color=&#8221;#FFFFFF&#8221; custom_margin=&#8221;24px|||||&#8221; box_shadow_style=&#8221;preset2&#8243; global_colors_info=&#8221;{}&#8221;][\/et_pb_blog][\/et_pb_column][\/et_pb_row][\/et_pb_section]<\/p>\n","protected":false},"excerpt":{"rendered":"<p>Vielen Dank!Ihre Nachricht ist angekommenmolibso Entwicklungs- und Vertriebs GmbH Karl-Benz-Str. 140764 LangenfeldGermany +49 (0) 2173 \/ 207 094 0mail@molibso.com<div class=\"et_pb_module dipl_image_card dipl_image_card_0  et_pb_text_align_left et_pb_bg_layout_dark\">\n\t\t\t\t\n\t\t\t\t\n\t\t\t\t\n\t\t\t\t\n\t\t\t\t\n\t\t\t\t\n\t\t\t\t<div class=\"et_pb_module_inner\">\n\t\t\t\t\t<div class=\"dipl_image_card_wrapper\"><div class=\"dipl_image_card_content_wrapper\">\n\t\t\t\t\t<div class=\"dipl_image_card_icon_wrapper\"><span class=\"dipl_image_card_icon et-pb-icon dipl_icon_shape_circle\">\uf1b9<\/span><\/div>\n\t\t\t\t\t<div class=\"dipl_image_card_inner_content_wrapper\"><h4 class=\"dipl_image_card_title\">Anreise per PKW<\/h4><\/div>\n\t\t\t\t<\/div><\/div>\n\t\t\t\t<\/div>\n\t\t\t<\/div>Mit dem PKW erreichen Sie uns einfach \u00fcber die Autobahn A59 Abfahrt [&hellip;]<\/p>\n","protected":false},"author":2,"featured_media":0,"parent":0,"menu_order":0,"comment_status":"closed","ping_status":"closed","template":"","meta":{"_acf_changed":false,"_et_pb_use_builder":"on","_et_pb_old_content":"<!-- wp:divi\/placeholder \/-->","_et_gb_content_width":"","footnotes":""},"class_list":["post-2013","page","type-page","status-publish","hentry"],"acf":[],"_links":{"self":[{"href":"https:\/\/molibso.com\/de\/wp-json\/wp\/v2\/pages\/2013","targetHints":{"allow":["GET"]}}],"collection":[{"href":"https:\/\/molibso.com\/de\/wp-json\/wp\/v2\/pages"}],"about":[{"href":"https:\/\/molibso.com\/de\/wp-json\/wp\/v2\/types\/page"}],"author":[{"embeddable":true,"href":"https:\/\/molibso.com\/de\/wp-json\/wp\/v2\/users\/2"}],"replies":[{"embeddable":true,"href":"https:\/\/molibso.com\/de\/wp-json\/wp\/v2\/comments?post=2013"}],"version-history":[{"count":0,"href":"https:\/\/molibso.com\/de\/wp-json\/wp\/v2\/pages\/2013\/revisions"}],"wp:attachment":[{"href":"https:\/\/molibso.com\/de\/wp-json\/wp\/v2\/media?parent=2013"}],"curies":[{"name":"wp","href":"https:\/\/api.w.org\/{rel}","templated":true}]}}