{"id":2,"date":"2022-10-13T17:52:41","date_gmt":"2022-10-13T17:52:41","guid":{"rendered":"http:\/\/wordpress.p627535.webspaceconfig.de"},"modified":"2022-10-26T20:36:28","modified_gmt":"2022-10-26T18:36:28","slug":"beispiel-seite","status":"publish","type":"page","link":"https:\/\/molibso.com\/de\/beispiel-seite\/","title":{"rendered":"Start white"},"content":{"rendered":"<p>[et_pb_section fb_built=&#8221;1&#8243; fullwidth=&#8221;on&#8221; _builder_version=&#8221;4.18.0&#8243; _module_preset=&#8221;default&#8221; global_colors_info=&#8221;{}&#8221;][et_pb_fullwidth_slider use_bg_overlay=&#8221;on&#8221; bg_overlay_color=&#8221;#29C3EC&#8221; _builder_version=&#8221;4.18.0&#8243; _module_preset=&#8221;default&#8221; custom_margin=&#8221;||-2px|||&#8221; custom_padding=&#8221;94px||185px|||&#8221; global_colors_info=&#8221;{}&#8221;][et_pb_slide heading=&#8221;molibso bewegt&#8221; button_text=&#8221;jetzt informieren&#8221; use_bg_overlay=&#8221;off&#8221; _builder_version=&#8221;4.18.0&#8243; _module_preset=&#8221;default&#8221; header_font=&#8221;|700|||||||&#8221; header_text_color=&#8221;#FFFFFF&#8221; background_enable_color=&#8221;off&#8221; background_video_mp4=&#8221;https:\/\/molibso.com\/molibsosite\/wp-content\/uploads\/2022\/10\/molibso.mov&#8221; background_enable_video_mp4=&#8221;on&#8221; custom_button=&#8221;on&#8221; button_text_color=&#8221;#FFFFFF&#8221; button_bg_color=&#8221;#29C3EC&#8221; button_border_width=&#8221;2px&#8221; button_border_radius=&#8221;51px&#8221; button_letter_spacing=&#8221;0px&#8221; global_colors_info=&#8221;{}&#8221; sticky_transition=&#8221;on&#8221;]<\/p>\n<p>Im Fachhandel, Orthop\u00e4die und Industrie<\/p>\n<p>[\/et_pb_slide][et_pb_slide heading=&#8221;Fachhandel&#8221; button_text=&#8221;alle Infos f\u00fcr den Fach- und Einzelhandel&#8221; _builder_version=&#8221;4.18.0&#8243; _module_preset=&#8221;default&#8221; background_image=&#8221;https:\/\/molibso.com\/molibsosite\/wp-content\/uploads\/2022\/10\/molibso_bunert_Ddorf_003-1.jpg&#8221; background_enable_image=&#8221;on&#8221; global_colors_info=&#8221;{}&#8221; sticky_transition=&#8221;on&#8221;][\/et_pb_slide][\/et_pb_fullwidth_slider][\/et_pb_section][et_pb_section fb_built=&#8221;1&#8243; admin_label=&#8221;section&#8221; _builder_version=&#8221;4.18.0&#8243; custom_padding=&#8221;7px||13px|||&#8221; global_colors_info=&#8221;{}&#8221;][et_pb_row admin_label=&#8221;row&#8221; _builder_version=&#8221;4.18.0&#8243; background_size=&#8221;initial&#8221; background_position=&#8221;top_left&#8221; background_repeat=&#8221;repeat&#8221; width=&#8221;82.4%&#8221; max_width=&#8221;100%&#8221; custom_margin=&#8221;67px|auto||auto|false|false&#8221; custom_padding=&#8221;0px||||false|false&#8221; global_colors_info=&#8221;{}&#8221;][et_pb_column type=&#8221;4_4&#8243; _builder_version=&#8221;4.16&#8243; custom_padding=&#8221;|||&#8221; global_colors_info=&#8221;{}&#8221; custom_padding__hover=&#8221;|||&#8221;][et_pb_text _builder_version=&#8221;4.18.0&#8243; _module_preset=&#8221;default&#8221; text_font=&#8221;|600|||||||&#8221; text_text_color=&#8221;#000000&#8243; text_font_size=&#8221;26px&#8221; header_text_color=&#8221;#29C3EC&#8221; text_orientation=&#8221;center&#8221; custom_margin=&#8221;9px||1px|||&#8221; global_colors_info=&#8221;{}&#8221;]Entdecken Sie die Revolution der Fu\u00dfdruckmessung mit Druckmessplatten[\/et_pb_text][et_pb_text _builder_version=&#8221;4.18.0&#8243; _module_preset=&#8221;default&#8221; custom_padding=&#8221;19px||20px|||&#8221; global_colors_info=&#8221;{}&#8221;]<\/p>\n<p style=\"text-align: center;\">Entdecken Sie molibso dyneos. Dieses innovative System stellt die Druckverteilung Ihres Fu\u00dfes und des ben\u00f6tigten Equipments beim Gehen, Laufen und Skifahren auf eine revolution\u00e4re Art und Weise dar: mittels einer Druckmessplatte wie sie bisher nur in der Medizintechnik verwendet wurde.<\/p>\n<p>[\/et_pb_text][\/et_pb_column][\/et_pb_row][\/et_pb_section][et_pb_section fb_built=&#8221;1&#8243; _builder_version=&#8221;4.18.0&#8243; _module_preset=&#8221;default&#8221; background_color=&#8221;#000000&#8243; custom_padding=&#8221;27px||23px|||&#8221; global_colors_info=&#8221;{}&#8221;][et_pb_row _builder_version=&#8221;4.18.0&#8243; _module_preset=&#8221;default&#8221; global_colors_info=&#8221;{}&#8221;][et_pb_column type=&#8221;4_4&#8243; _builder_version=&#8221;4.18.0&#8243; _module_preset=&#8221;default&#8221; global_colors_info=&#8221;{}&#8221;][et_pb_text _builder_version=&#8221;4.18.0&#8243; _module_preset=&#8221;default&#8221; text_font=&#8221;|700|||||||&#8221; text_text_color=&#8221;#29C3EC&#8221; text_font_size=&#8221;38px&#8221; text_orientation=&#8221;center&#8221; animation_style=&#8221;bounce&#8221; global_colors_info=&#8221;{}&#8221;]<\/p>\n<p>molibso dyneos<\/p>\n<p>[\/et_pb_text][dnhot_tooltip tooltip_image=&#8221;https:\/\/molibso.com\/molibsosite\/wp-content\/uploads\/2022\/10\/210205-Oberem-Sport.371.png&#8221; hotspot_bg=&#8221;#29C3EC&#8221; hotspot_wave_color=&#8221;#FFFFFF&#8221; _builder_version=&#8221;4.18.0&#8243; _module_preset=&#8221;default&#8221; hotspot_text_text_color=&#8221;#000000&#8243; tooltip_desc_text_color=&#8221;#FFFFFF&#8221; width=&#8221;100%&#8221; animation_style=&#8221;bounce&#8221; global_colors_info=&#8221;{}&#8221;][dnhot_tooltip_child admin_label_text=&#8221;Bedienelemente&#8221; tooltip_hotspot_icon=&#8221;&#x70;||divi||400&#8243; tooltip_bg=&#8221;#FFFFFF&#8221; tooltip_position=&#8221;bottom&#8221; tooltip_layout=&#8221;row&#8221; tooltip_text=&#8221;BEDIENTERMINAL&#8221; tooltip_content=&#8221;<\/p>\n<div class=%22et_pb_module et_pb_text et_pb_text_7  et_pb_text_align_left et_pb_bg_layout_light%22>\n<div class=%22et_pb_text_inner%22>\n<ul>\n<li class=%22p1%22>24\u201d Multitouch-Display mit seperater Rechnereinheit<\/li>\n<li class=%22p1%22>Pult ausgefu\u0308hrt in einer soliden Aluminium-Stahl-S\u00e4ulenkonstruktion<\/li>\n<li class=%22p1%22>Eingefasst von einem Element aus Acryl in Ihrem Wunschdesign und mit Firmenlogo*<\/li>\n<\/ul>\n<\/div>\n<\/div>\n<p>&#8221; hotspot_horizontal=&#8221;24%&#8221; hotspot_vertical=&#8221;5%&#8221; hotspot_bg=&#8221;#FFFFFF&#8221; hotspot_wave_color=&#8221;#FFFFFF&#8221; hotspot_icon_color=&#8221;#29C3EC&#8221; hotspot_icon_size=&#8221;40px&#8221; tooltip_width=&#8221;395px&#8221; tooltip_padding=&#8221;10px|10px|10px|10px|false|false&#8221; _builder_version=&#8221;4.18.0&#8243; _module_preset=&#8221;default&#8221; hotspot_text_font=&#8221;Montserrat-Regular||||||||&#8221; tooltip_text_font=&#8221;|600|||||||&#8221; tooltip_text_text_align=&#8221;left&#8221; tooltip_text_text_color=&#8221;#4F4B51&#8243; tooltip_text_font_size=&#8221;16px&#8221; tooltip_desc_text_color=&#8221;#4F4B51&#8243; tooltip_desc_font_size=&#8221;12px&#8221; border_color_all=&#8221;#FFFFFF&#8221; border_width_all_hotspot=&#8221;0px&#8221; border_color_all_tooltip_desc=&#8221;#29C3EC&#8221; global_colors_info=&#8221;{}&#8221;][\/dnhot_tooltip_child][dnhot_tooltip_child admin_label_text=&#8221;Software&#8221; tooltip_hotspot_icon=&#8221;&#x70;||divi||400&#8243; tooltip_bg=&#8221;#FFFFFF&#8221; tooltip_position=&#8221;bottom&#8221; tooltip_layout=&#8221;row&#8221; tooltip_text=&#8221;DESIGN&#8221; tooltip_content=&#8221;<\/p>\n<div class=%22et_pb_module et_pb_text et_pb_text_7  et_pb_text_align_left et_pb_bg_layout_light%22>\n<div class=%22et_pb_text_inner%22>\n<ul>\n<li class=%22p1%22>Umfassende, intelligente, remoteupdatef\u00e4hige Analysesoftware fu\u0308r die Bewegungsanalyse mit Fu\u0308.en und Produkten<\/li>\n<li class=%22p1%22>\n<p class=%22p1%22>Schuh- und Einlagendatenbank inkl.<\/p>\n<\/li>\n<li class=%22p1%22>\n<p class=%22p1%22>Auf Wunsch Vernetzung von Standorten und mit Anbindung an ERP-Systeme<\/p>\n<\/li>\n<\/ul>\n<\/div>\n<\/div>\n<p>&#8221; hotspot_horizontal=&#8221;42%&#8221; hotspot_vertical=&#8221;27%&#8221; hotspot_bg=&#8221;#FFFFFF&#8221; hotspot_wave_color=&#8221;#FFFFFF&#8221; hotspot_icon_color=&#8221;#29C3EC&#8221; hotspot_icon_size=&#8221;40px&#8221; tooltip_width=&#8221;395px&#8221; tooltip_padding=&#8221;10px|10px|10px|10px|false|false&#8221; _builder_version=&#8221;4.18.0&#8243; _module_preset=&#8221;default&#8221; hotspot_text_font=&#8221;Montserrat-Regular||||||||&#8221; tooltip_text_font=&#8221;|600|||||||&#8221; tooltip_text_text_align=&#8221;left&#8221; tooltip_text_text_color=&#8221;#4F4B51&#8243; tooltip_text_font_size=&#8221;16px&#8221; tooltip_desc_text_color=&#8221;#4F4B51&#8243; tooltip_desc_font_size=&#8221;12px&#8221; border_color_all=&#8221;#FFFFFF&#8221; border_width_all_hotspot=&#8221;0px&#8221; border_color_all_tooltip_desc=&#8221;#29C3EC&#8221; global_colors_info=&#8221;{}&#8221;][\/dnhot_tooltip_child][dnhot_tooltip_child admin_label_text=&#8221;Kamera&#8221; tooltip_hotspot_icon=&#8221;&#x70;||divi||400&#8243; tooltip_bg=&#8221;#FFFFFF&#8221; tooltip_position=&#8221;bottom&#8221; tooltip_layout=&#8221;row&#8221; tooltip_text=&#8221;KAMERA&#8221; tooltip_content=&#8221;<\/p>\n<ul>\n<li>Full-HD-USB-Kamerasystem<\/li>\n<li>mit automatischer Synchronisation der Videoaufnahme zur Druckmessplatte<\/li>\n<\/ul>\n<p>&#8221; hotspot_horizontal=&#8221;18%&#8221; hotspot_vertical=&#8221;59%&#8221; hotspot_bg=&#8221;#FFFFFF&#8221; hotspot_wave_color=&#8221;#FFFFFF&#8221; hotspot_icon_color=&#8221;#29C3EC&#8221; hotspot_icon_size=&#8221;40px&#8221; tooltip_width=&#8221;395px&#8221; tooltip_padding=&#8221;10px|10px|10px|10px|false|false&#8221; _builder_version=&#8221;4.18.0&#8243; _module_preset=&#8221;default&#8221; hotspot_text_font=&#8221;Montserrat-Regular||||||||&#8221; tooltip_text_font=&#8221;|600|||||||&#8221; tooltip_text_text_align=&#8221;left&#8221; tooltip_text_text_color=&#8221;#4F4B51&#8243; tooltip_text_font_size=&#8221;16px&#8221; tooltip_desc_text_color=&#8221;#4F4B51&#8243; tooltip_desc_font_size=&#8221;12px&#8221; border_color_all=&#8221;#FFFFFF&#8221; border_width_all_hotspot=&#8221;0px&#8221; border_color_all_tooltip_desc=&#8221;#29C3EC&#8221; global_colors_info=&#8221;{}&#8221;][\/dnhot_tooltip_child][dnhot_tooltip_child admin_label_text=&#8221;Messung neu&#8221; tooltip_hotspot_icon=&#8221;&#x70;||divi||400&#8243; tooltip_bg=&#8221;#FFFFFF&#8221; tooltip_position=&#8221;bottom&#8221; tooltip_layout=&#8221;row&#8221; tooltip_text=&#8221;MESSUNG&#8221; tooltip_content=&#8221;<\/p>\n<div class=%22et_pb_module et_pb_text et_pb_text_7  et_pb_text_align_left et_pb_bg_layout_light%22>\n<div class=%22et_pb_text_inner%22>\n<ul>\n<li>extra robuste Oberfl\u00e4che in hautsympatischerund pflegeleichter PVC-Beschichtung<\/li>\n<li>integriert in eine Aluminum-Rahmenkonstruktion. Optional mit interaktiver (Farb-)LED-Beleuchtung.<\/li>\n<li>zwei gleiche Druckmessplatten k\u00f6nnen kombiniert werden und verdoppeln so die L\u00e4nge der Messstrecke<\/li>\n<li>optionaler, bodengleicher Einbau<\/li>\n<\/ul>\n<\/div>\n<\/div>\n<p>&#8221; hotspot_horizontal=&#8221;66%&#8221; hotspot_vertical=&#8221;52%&#8221; hotspot_bg=&#8221;#FFFFFF&#8221; hotspot_wave_color=&#8221;#FFFFFF&#8221; hotspot_icon_color=&#8221;#29C3EC&#8221; hotspot_icon_size=&#8221;40px&#8221; tooltip_width=&#8221;395px&#8221; tooltip_padding=&#8221;10px|10px|10px|10px|false|false&#8221; _builder_version=&#8221;4.18.0&#8243; _module_preset=&#8221;default&#8221; hotspot_text_font=&#8221;Montserrat-Regular||||||||&#8221; tooltip_text_font=&#8221;|600|||||||&#8221; tooltip_text_text_align=&#8221;left&#8221; tooltip_text_text_color=&#8221;#4F4B51&#8243; tooltip_text_font_size=&#8221;16px&#8221; tooltip_desc_text_color=&#8221;#4F4B51&#8243; tooltip_desc_font_size=&#8221;12px&#8221; border_color_all=&#8221;#FFFFFF&#8221; border_width_all_hotspot=&#8221;0px&#8221; border_color_all_tooltip_desc=&#8221;#29C3EC&#8221; global_colors_info=&#8221;{}&#8221;][\/dnhot_tooltip_child][\/dnhot_tooltip][\/et_pb_column][\/et_pb_row][\/et_pb_section][et_pb_section fb_built=&#8221;1&#8243; _builder_version=&#8221;4.18.0&#8243; _module_preset=&#8221;default&#8221; background_color=&#8221;#000000&#8243; min_height=&#8221;178.8px&#8221; custom_padding=&#8221;10px||0px|||&#8221; global_colors_info=&#8221;{}&#8221;][et_pb_row column_structure=&#8221;3_4,1_4&#8243; _builder_version=&#8221;4.18.0&#8243; _module_preset=&#8221;default&#8221; global_colors_info=&#8221;{}&#8221;][et_pb_column type=&#8221;3_4&#8243; _builder_version=&#8221;4.18.0&#8243; _module_preset=&#8221;default&#8221; global_colors_info=&#8221;{}&#8221;][et_pb_text _builder_version=&#8221;4.18.0&#8243; _module_preset=&#8221;default&#8221; text_text_color=&#8221;#29C3EC&#8221; text_font_size=&#8221;26px&#8221; text_line_height=&#8221;1.8em&#8221; text_orientation=&#8221;center&#8221; animation_style=&#8221;zoom&#8221; global_colors_info=&#8221;{}&#8221;]<\/p>\n<p><span class=\"sc-iUKqMP bcLqHE\">molibso dyneos: Die n\u00e4chste Generation von Analysetools f\u00fcr Fachhandel, Orthop\u00e4die und Industrie<br \/><\/span><\/p>\n<p>[\/et_pb_text][\/et_pb_column][et_pb_column type=&#8221;1_4&#8243; _builder_version=&#8221;4.18.0&#8243; _module_preset=&#8221;default&#8221; global_colors_info=&#8221;{}&#8221;][et_pb_button button_url=&#8221;https:\/\/molibso.com\/molibsosite\/produkt\/&#8221; button_text=&#8221;mehr erfahren&#8221; _builder_version=&#8221;4.18.0&#8243; _module_preset=&#8221;default&#8221; custom_button=&#8221;on&#8221; button_text_color=&#8221;#FFFFFF&#8221; button_bg_color=&#8221;#29C3EC&#8221; button_border_width=&#8221;3px&#8221; button_border_color=&#8221;#FFFFFF&#8221; button_border_radius=&#8221;25px&#8221; custom_margin=&#8221;40px||||false|false&#8221; animation_style=&#8221;bounce&#8221; global_colors_info=&#8221;{}&#8221;][\/et_pb_button][\/et_pb_column][\/et_pb_row][\/et_pb_section][et_pb_section fb_built=&#8221;1&#8243; admin_label=&#8221;section&#8221; _builder_version=&#8221;4.18.0&#8243; background_enable_color=&#8221;off&#8221; custom_padding=&#8221;10px||20px|||&#8221; global_colors_info=&#8221;{}&#8221;][et_pb_row _builder_version=&#8221;4.18.0&#8243; _module_preset=&#8221;default&#8221; custom_padding=&#8221;4px||0px|||&#8221; global_colors_info=&#8221;{}&#8221;][et_pb_column type=&#8221;4_4&#8243; _builder_version=&#8221;4.18.0&#8243; _module_preset=&#8221;default&#8221; global_colors_info=&#8221;{}&#8221;][\/et_pb_column][\/et_pb_row][\/et_pb_section][et_pb_section fb_built=&#8221;1&#8243; admin_label=&#8221;section&#8221; _builder_version=&#8221;4.18.0&#8243; background_enable_color=&#8221;off&#8221; custom_padding=&#8221;10px||20px|||&#8221; global_colors_info=&#8221;{}&#8221;][et_pb_row column_structure=&#8221;1_4,1_2,1_4&#8243; _builder_version=&#8221;4.18.0&#8243; _module_preset=&#8221;default&#8221; background_color=&#8221;#000000&#8243; width=&#8221;100%&#8221; max_width=&#8221;100%&#8221; custom_padding=&#8221;0px|||||&#8221; global_colors_info=&#8221;{}&#8221;][et_pb_column type=&#8221;1_4&#8243; _builder_version=&#8221;4.18.0&#8243; _module_preset=&#8221;default&#8221; global_colors_info=&#8221;{}&#8221;][et_pb_text _builder_version=&#8221;4.18.0&#8243; _module_preset=&#8221;default&#8221; text_text_color=&#8221;#FFFFFF&#8221; text_font_size=&#8221;35px&#8221; text_line_height=&#8221;1.9em&#8221; text_orientation=&#8221;right&#8221; custom_padding=&#8221;130px||||false|false&#8221; global_colors_info=&#8221;{}&#8221;]<\/p>\n<p>Perfekte Analyse f\u00fcr ein rundum Wohlf\u00fchlgef\u00fchl<\/p>\n<p>[\/et_pb_text][\/et_pb_column][et_pb_column type=&#8221;1_2&#8243; _builder_version=&#8221;4.18.0&#8243; _module_preset=&#8221;default&#8221; global_colors_info=&#8221;{}&#8221;][et_pb_image src=&#8221;https:\/\/molibso.com\/molibsosite\/wp-content\/uploads\/2022\/10\/molibso-nordiska.jpg&#8221; title_text=&#8221;molibso-nordiska&#8221; align=&#8221;center&#8221; _builder_version=&#8221;4.18.0&#8243; _module_preset=&#8221;default&#8221; background_color=&#8221;#000000&#8243; animation_style=&#8221;flip&#8221; global_colors_info=&#8221;{}&#8221;][\/et_pb_image][\/et_pb_column][et_pb_column type=&#8221;1_4&#8243; _builder_version=&#8221;4.18.0&#8243; _module_preset=&#8221;default&#8221; global_colors_info=&#8221;{}&#8221;][et_pb_text _builder_version=&#8221;4.18.0&#8243; _module_preset=&#8221;default&#8221; text_text_color=&#8221;#FFFFFF&#8221; text_font_size=&#8221;35px&#8221; text_line_height=&#8221;1.9em&#8221; custom_padding=&#8221;130px||||false|false&#8221; global_colors_info=&#8221;{}&#8221;]<\/p>\n<p><a href=\"https:\/\/molibso.com\/molibsosite\/einzelhandel\/\">Fachhandel<\/a><\/p>\n<p><a href=\"https:\/\/molibso.com\/molibsosite\/orthopaedie\/\">Orthop\u00e4die<\/a><\/p>\n<p><a href=\"https:\/\/molibso.com\/molibsosite\/industrie\/\">Industrie<\/a><\/p>\n<p>[\/et_pb_text][\/et_pb_column][\/et_pb_row][et_pb_row _builder_version=&#8221;4.18.0&#8243; _module_preset=&#8221;default&#8221; background_enable_color=&#8221;off&#8221; width=&#8221;100%&#8221; max_width=&#8221;100%&#8221; custom_padding=&#8221;||||false|false&#8221; global_colors_info=&#8221;{}&#8221;][et_pb_column type=&#8221;4_4&#8243; _builder_version=&#8221;4.18.0&#8243; _module_preset=&#8221;default&#8221; global_colors_info=&#8221;{}&#8221;][et_pb_text _builder_version=&#8221;4.18.0&#8243; _module_preset=&#8221;default&#8221; text_font=&#8221;|600|||||||&#8221; text_text_color=&#8221;#000000&#8243; text_font_size=&#8221;26px&#8221; header_text_color=&#8221;#29C3EC&#8221; text_orientation=&#8221;center&#8221; custom_margin=&#8221;||1px|||&#8221; custom_padding=&#8221;||20px|||&#8221; global_colors_info=&#8221;{}&#8221;]<\/p>\n<p>Referenzen &amp; Storys<\/p>\n<p>[\/et_pb_text][et_pb_de_mach_carousel post_type_choose=&#8221;referenzen&#8221; loop_layout=&#8221;216&#8243; custom_tax_choose=&#8221;layout_category&#8221; arrows_color=&#8221;#29C3EC&#8221; autoplay_speed=&#8221;2000&#8243; equal_height=&#8221;off&#8221; link_whole_gird=&#8221;on&#8221; admin_label=&#8221;Referenzen Logos&#8221; _builder_version=&#8221;4.18.0&#8243; _module_preset=&#8221;default&#8221; background_enable_color=&#8221;off&#8221; module_alignment=&#8221;center&#8221; custom_margin=&#8221;0px|0px|0px|0px|false|false&#8221; custom_padding=&#8221;0px|0px|0px|0px|false|false&#8221; animation_style=&#8221;fade&#8221; border_color_all=&#8221;#8300E9&#8243; global_colors_info=&#8221;{}&#8221;][\/et_pb_de_mach_carousel][\/et_pb_column][\/et_pb_row][\/et_pb_section][et_pb_section fb_built=&#8221;1&#8243; _builder_version=&#8221;4.18.0&#8243; _module_preset=&#8221;default&#8221; background_enable_color=&#8221;off&#8221; custom_padding=&#8221;12px||10px|||&#8221; global_colors_info=&#8221;{}&#8221;][et_pb_row _builder_version=&#8221;4.18.0&#8243; _module_preset=&#8221;default&#8221; width=&#8221;95%&#8221; max_width=&#8221;100%&#8221; custom_margin=&#8221;-3px|auto||auto||&#8221; custom_padding=&#8221;10px|||||&#8221; global_colors_info=&#8221;{}&#8221;][et_pb_column type=&#8221;4_4&#8243; _builder_version=&#8221;4.18.0&#8243; _module_preset=&#8221;default&#8221; global_colors_info=&#8221;{}&#8221;][et_pb_text _builder_version=&#8221;4.18.0&#8243; _module_preset=&#8221;default&#8221; text_font=&#8221;|600|||||||&#8221; text_text_color=&#8221;#000000&#8243; text_font_size=&#8221;26px&#8221; header_text_color=&#8221;#29C3EC&#8221; text_orientation=&#8221;center&#8221; custom_margin=&#8221;||1px|||&#8221; custom_padding=&#8221;||25px|||&#8221; global_colors_info=&#8221;{}&#8221;]<\/p>\n<p>molibso News<\/p>\n<p>[\/et_pb_text][et_pb_blog fullwidth=&#8221;off&#8221; posts_number=&#8221;4&#8243; show_author=&#8221;off&#8221; masonry_tile_background_color=&#8221;#000000&#8243; module_class=&#8221;et_blog_grid_equal_height&#8221; _builder_version=&#8221;4.18.0&#8243; _module_preset=&#8221;default&#8221; header_level=&#8221;h3&#8243; header_text_color=&#8221;#29C3EC&#8221; body_text_color=&#8221;#FFFFFF&#8221; meta_text_color=&#8221;#FFFFFF&#8221; custom_margin=&#8221;2px|||||&#8221; box_shadow_style=&#8221;preset2&#8243; global_colors_info=&#8221;{}&#8221;][\/et_pb_blog][\/et_pb_column][\/et_pb_row][\/et_pb_section]<\/p>\n","protected":false},"excerpt":{"rendered":"<p>Im Fachhandel, Orthop\u00e4die und IndustrieEntdecken Sie die Revolution der Fu\u00dfdruckmessung mit DruckmessplattenEntdecken Sie molibso dyneos. Dieses innovative System stellt die Druckverteilung Ihres Fu\u00dfes und des ben\u00f6tigten Equipments beim Gehen, Laufen und Skifahren auf eine revolution\u00e4re Art und Weise dar: mittels einer Druckmessplatte wie sie bisher nur in der Medizintechnik verwendet wurde.molibso dyneos[dnhot_tooltip tooltip_image=&#8221;https:\/\/molibso.com\/molibsosite\/wp-content\/uploads\/2022\/10\/210205-Oberem-Sport.371.png&#8221; hotspot_bg=&#8221;#29C3EC&#8221; hotspot_wave_color=&#8221;#FFFFFF&#8221; [&hellip;]<\/p>\n","protected":false},"author":2,"featured_media":0,"parent":0,"menu_order":0,"comment_status":"closed","ping_status":"open","template":"","meta":{"_acf_changed":false,"_et_pb_use_builder":"on","_et_pb_old_content":"<!-- wp:paragraph -->\r\n<p>Dies ist eine Beispiel-Seite. Sie unterscheidet sich von Beitr\u00e4gen, da sie stets an derselben Stelle bleibt und (bei den meisten Themes) in der Website-Navigation angezeigt wird. Die meisten starten mit einem Impressum, der Datenschutzerkl\u00e4rung oder einer \u201e\u00dcber\u00a0uns\u201c-Seite, um sich potenziellen Besuchern der Website vorzustellen. Dort k\u00f6nnte zum Beispiel stehen:<\/p>\r\n<!-- \/wp:paragraph -->\r\n\r\n<!-- wp:quote -->\r\n<blockquote class=\"wp-block-quote\"><p>Hallo! Tags\u00fcber arbeite ich als Fahrradkurier, nachts bin ich ein aufstrebender Schauspieler und dies hier ist meine Website. Ich lebe in Berlin, habe einen gro\u00dfen Hund namens Jack, mag Pi\u00f1a Coladas, jedoch weniger (ohne Schirm) im Regen stehen gelassen zu werden.<\/p><\/blockquote>\r\n<!-- \/wp:quote -->\r\n\r\n<!-- wp:paragraph -->\r\n<p>...\u00a0oder so etwas wie:<\/p>\r\n<!-- \/wp:paragraph -->\r\n\r\n<!-- wp:quote -->\r\n<blockquote class=\"wp-block-quote\"><p>Das Unternehmen XYZ wurde 1971 gegr\u00fcndet und versorgt die \u00d6ffentlichkeit seither mit qualitativ hochwertigen Produkten. An seinem Standort in einer kleinen Gro\u00dfstadt besch\u00e4ftigt der Betrieb \u00fcber 2.000 Menschen und unterst\u00fctzt die Stadtbewohner in vielfacher Hinsicht.<\/p><\/blockquote>\r\n<!-- \/wp:quote -->\r\n\r\n<!-- wp:paragraph -->\r\n<p>Als neuer WordPress-Benutzer solltest du <a href=\"http:\/\/wordpress.p123456.webspaceconfig.de\/wp-admin\/\">dein Dashboard<\/a> aufrufen, um diese Seite zu l\u00f6schen und neue Seiten und Beitr\u00e4ge f\u00fcr deine Website erstellen. Viel Spa\u00df!<\/p>\r\n<!-- \/wp:paragraph -->","_et_gb_content_width":"","footnotes":""},"class_list":["post-2","page","type-page","status-publish","hentry"],"acf":[],"_links":{"self":[{"href":"https:\/\/molibso.com\/de\/wp-json\/wp\/v2\/pages\/2","targetHints":{"allow":["GET"]}}],"collection":[{"href":"https:\/\/molibso.com\/de\/wp-json\/wp\/v2\/pages"}],"about":[{"href":"https:\/\/molibso.com\/de\/wp-json\/wp\/v2\/types\/page"}],"author":[{"embeddable":true,"href":"https:\/\/molibso.com\/de\/wp-json\/wp\/v2\/users\/2"}],"replies":[{"embeddable":true,"href":"https:\/\/molibso.com\/de\/wp-json\/wp\/v2\/comments?post=2"}],"version-history":[{"count":0,"href":"https:\/\/molibso.com\/de\/wp-json\/wp\/v2\/pages\/2\/revisions"}],"wp:attachment":[{"href":"https:\/\/molibso.com\/de\/wp-json\/wp\/v2\/media?parent=2"}],"curies":[{"name":"wp","href":"https:\/\/api.w.org\/{rel}","templated":true}]}}